{"id":116,"date":"2015-08-11T16:21:15","date_gmt":"2015-08-11T16:21:15","guid":{"rendered":"http:\/\/www.tanzraum-ries.de\/?page_id=116"},"modified":"2024-09-19T10:37:20","modified_gmt":"2024-09-19T10:37:20","slug":"aktueller-stundenplan","status":"publish","type":"page","link":"http:\/\/www.tanzraum-ries.de\/legacy\/kursangebote-preise\/aktueller-stundenplan\/","title":{"rendered":"Aktueller Stundenplan"},"content":{"rendered":"<h3><img fetchpriority=\"high\" decoding=\"async\" class=\"alignnone size-large wp-image-1383\" src=\"http:\/\/www.tanzraum-ries.de\/wp-content\/uploads\/2024\/09\/Unterrichtsplan-2024-2025-684x1024.png\" alt=\"\" width=\"684\" height=\"1024\" srcset=\"http:\/\/www.tanzraum-ries.de\/legacy\/wp-content\/uploads\/sites\/1\/2024\/09\/Unterrichtsplan-2024-2025-684x1024.png 684w, http:\/\/www.tanzraum-ries.de\/legacy\/wp-content\/uploads\/sites\/1\/2024\/09\/Unterrichtsplan-2024-2025-200x300.png 200w, http:\/\/www.tanzraum-ries.de\/legacy\/wp-content\/uploads\/sites\/1\/2024\/09\/Unterrichtsplan-2024-2025-768x1150.png 768w, http:\/\/www.tanzraum-ries.de\/legacy\/wp-content\/uploads\/sites\/1\/2024\/09\/Unterrichtsplan-2024-2025-1025x1536.png 1025w, http:\/\/www.tanzraum-ries.de\/legacy\/wp-content\/uploads\/sites\/1\/2024\/09\/Unterrichtsplan-2024-2025-1367x2048.png 1367w, http:\/\/www.tanzraum-ries.de\/legacy\/wp-content\/uploads\/sites\/1\/2024\/09\/Unterrichtsplan-2024-2025.png 1910w\" sizes=\"(max-width: 684px) 100vw, 684px\" \/><\/h3>\n<p>(\u00c4nderungen m\u00f6glich)<\/p>\n<p>Die Teilnehmerzahl pro Kurs ist begrenzt. Sollte der Kurs voll sein, f\u00fcr den Sie sich interessieren, setzen wir Sie gerne auf unsere Warteliste.&nbsp;<\/p>\n<p>&nbsp;<\/p>\n<h3>Tanz\u2502Raum Oettingen<\/h3>\n<p>aktuell finden in Oettingen keine Kurse statt.<\/p>\n<p>&nbsp;<\/p>\n","protected":false},"excerpt":{"rendered":"<p>(\u00c4nderungen m\u00f6glich) Die Teilnehmerzahl pro Kurs ist begrenzt. Sollte der Kurs voll sein, f\u00fcr den Sie sich interessieren, setzen wir Sie gerne auf unsere Warteliste.&nbsp; &nbsp; Tanz\u2502Raum Oettingen aktuell finden in Oettingen keine Kurse statt. &nbsp;<\/p>\n","protected":false},"author":1,"featured_media":0,"parent":42,"menu_order":0,"comment_status":"closed","ping_status":"closed","template":"","meta":{"_crdt_document":"","_uag_custom_page_level_css":"","ngg_post_thumbnail":0,"footnotes":""},"class_list":["post-116","page","type-page","status-publish","hentry"],"uagb_featured_image_src":{"full":false,"thumbnail":false,"medium":false,"medium_large":false,"large":false,"1536x1536":false,"2048x2048":false,"featured-blog-large":false,"featured-blog-medium":false,"featured":false,"featured-blog-medium-small":false},"uagb_author_info":{"display_name":"admin1","author_link":"http:\/\/www.tanzraum-ries.de\/legacy\/blog\/author\/admin1\/"},"uagb_comment_info":0,"uagb_excerpt":"(\u00c4nderungen m\u00f6glich) Die Teilnehmerzahl pro Kurs ist begrenzt. Sollte der Kurs voll sein, f\u00fcr den Sie sich interessieren, setzen wir Sie gerne auf unsere Warteliste.&nbsp; &nbsp; Tanz\u2502Raum Oettingen aktuell finden in Oettingen keine Kurse statt. &nbsp;","_links":{"self":[{"href":"http:\/\/www.tanzraum-ries.de\/legacy\/wp-json\/wp\/v2\/pages\/116","targetHints":{"allow":["GET"]}}],"collection":[{"href":"http:\/\/www.tanzraum-ries.de\/legacy\/wp-json\/wp\/v2\/pages"}],"about":[{"href":"http:\/\/www.tanzraum-ries.de\/legacy\/wp-json\/wp\/v2\/types\/page"}],"author":[{"embeddable":true,"href":"http:\/\/www.tanzraum-ries.de\/legacy\/wp-json\/wp\/v2\/users\/1"}],"replies":[{"embeddable":true,"href":"http:\/\/www.tanzraum-ries.de\/legacy\/wp-json\/wp\/v2\/comments?post=116"}],"version-history":[{"count":74,"href":"http:\/\/www.tanzraum-ries.de\/legacy\/wp-json\/wp\/v2\/pages\/116\/revisions"}],"predecessor-version":[{"id":1384,"href":"http:\/\/www.tanzraum-ries.de\/legacy\/wp-json\/wp\/v2\/pages\/116\/revisions\/1384"}],"up":[{"embeddable":true,"href":"http:\/\/www.tanzraum-ries.de\/legacy\/wp-json\/wp\/v2\/pages\/42"}],"wp:attachment":[{"href":"http:\/\/www.tanzraum-ries.de\/legacy\/wp-json\/wp\/v2\/media?parent=116"}],"curies":[{"name":"wp","href":"https:\/\/api.w.org\/{rel}","templated":true}]}}