{"id":16,"date":"2015-07-13T22:08:48","date_gmt":"2015-07-13T22:08:48","guid":{"rendered":"http:\/\/www.tanzraum-ries.de\/?page_id=16"},"modified":"2015-08-27T07:31:58","modified_gmt":"2015-08-27T07:31:58","slug":"ballett","status":"publish","type":"page","link":"http:\/\/www.tanzraum-ries.de\/legacy\/tanzstile\/ballett\/","title":{"rendered":"Ballett"},"content":{"rendered":"<p><img fetchpriority=\"high\" decoding=\"async\" class=\"alignright size-medium wp-image-162\" src=\"http:\/\/www.tanzraum-ries.de\/wp-content\/uploads\/2015\/07\/PB105712-Andere-300x225.jpg\" alt=\"\" width=\"300\" height=\"225\" srcset=\"http:\/\/www.tanzraum-ries.de\/legacy\/wp-content\/uploads\/sites\/1\/2015\/07\/PB105712-Andere-300x225.jpg 300w, http:\/\/www.tanzraum-ries.de\/legacy\/wp-content\/uploads\/sites\/1\/2015\/07\/PB105712-Andere-1024x768.jpg 1024w, http:\/\/www.tanzraum-ries.de\/legacy\/wp-content\/uploads\/sites\/1\/2015\/07\/PB105712-Andere.jpg 1680w\" sizes=\"(max-width: 300px) 100vw, 300px\" \/>Je nach Alter ist der Ballettunterricht in verschiedenen Schwierigkeitsstufen unterteilt. Zu den Lerninhalten geh\u00f6ren Haltungs- und Technikschulungen, zu Beginn wird die Bewegung im<br \/>\nRaum und am Boden betont, sp\u00e4ter dann auch an der Stange. Erarbeitet werden im Laufe der Zeit klassische Ballett\u00fcbungen und einfache Schrittkombinationen. Anschlie\u00dfend werden die Grundlagen im Raum in klassischen Tanzfolgen angewandt.<\/p>\n<p>Das eigene K\u00f6rperempfinden wird durch den klassischen Tanz unterst\u00fctzt, K\u00f6rperhaltung und Rhythmusgef\u00fchl geschult. Klassisches Ballett liefert die Basis f\u00fcr viele moderne\/zeitgen\u00f6ssische Tanzrichtungen.<\/p>\n","protected":false},"excerpt":{"rendered":"<p>Je nach Alter ist der Ballettunterricht in verschiedenen Schwierigkeitsstufen unterteilt. Zu den Lerninhalten geh\u00f6ren Haltungs- und Technikschulungen, zu Beginn wird die Bewegung im Raum und am Boden betont, sp\u00e4ter dann auch an der Stange. Erarbeitet werden im Laufe der Zeit<\/p>\n","protected":false},"author":1,"featured_media":0,"parent":96,"menu_order":0,"comment_status":"closed","ping_status":"closed","template":"","meta":{"_crdt_document":"","_uag_custom_page_level_css":"","ngg_post_thumbnail":0,"footnotes":""},"class_list":["post-16","page","type-page","status-publish","hentry"],"uagb_featured_image_src":{"full":false,"thumbnail":false,"medium":false,"medium_large":false,"large":false,"1536x1536":false,"2048x2048":false,"featured-blog-large":false,"featured-blog-medium":false,"featured":false,"featured-blog-medium-small":false},"uagb_author_info":{"display_name":"admin1","author_link":"http:\/\/www.tanzraum-ries.de\/legacy\/blog\/author\/admin1\/"},"uagb_comment_info":0,"uagb_excerpt":"Je nach Alter ist der Ballettunterricht in verschiedenen Schwierigkeitsstufen unterteilt. Zu den Lerninhalten geh\u00f6ren Haltungs- und Technikschulungen, zu Beginn wird die Bewegung im Raum und am Boden betont, sp\u00e4ter dann auch an der Stange. Erarbeitet werden im Laufe der Zeit","_links":{"self":[{"href":"http:\/\/www.tanzraum-ries.de\/legacy\/wp-json\/wp\/v2\/pages\/16","targetHints":{"allow":["GET"]}}],"collection":[{"href":"http:\/\/www.tanzraum-ries.de\/legacy\/wp-json\/wp\/v2\/pages"}],"about":[{"href":"http:\/\/www.tanzraum-ries.de\/legacy\/wp-json\/wp\/v2\/types\/page"}],"author":[{"embeddable":true,"href":"http:\/\/www.tanzraum-ries.de\/legacy\/wp-json\/wp\/v2\/users\/1"}],"replies":[{"embeddable":true,"href":"http:\/\/www.tanzraum-ries.de\/legacy\/wp-json\/wp\/v2\/comments?post=16"}],"version-history":[{"count":3,"href":"http:\/\/www.tanzraum-ries.de\/legacy\/wp-json\/wp\/v2\/pages\/16\/revisions"}],"predecessor-version":[{"id":163,"href":"http:\/\/www.tanzraum-ries.de\/legacy\/wp-json\/wp\/v2\/pages\/16\/revisions\/163"}],"up":[{"embeddable":true,"href":"http:\/\/www.tanzraum-ries.de\/legacy\/wp-json\/wp\/v2\/pages\/96"}],"wp:attachment":[{"href":"http:\/\/www.tanzraum-ries.de\/legacy\/wp-json\/wp\/v2\/media?parent=16"}],"curies":[{"name":"wp","href":"https:\/\/api.w.org\/{rel}","templated":true}]}}