{"id":22,"date":"2015-07-13T22:16:07","date_gmt":"2015-07-13T22:16:07","guid":{"rendered":"http:\/\/www.tanzraum-ries.de\/?page_id=22"},"modified":"2015-09-03T20:55:41","modified_gmt":"2015-09-03T20:55:41","slug":"hip-hopstreetdance","status":"publish","type":"page","link":"http:\/\/www.tanzraum-ries.de\/legacy\/tanzstile\/hip-hopstreetdance\/","title":{"rendered":"Hip Hop\/Streetdance"},"content":{"rendered":"<p><img fetchpriority=\"high\" decoding=\"async\" class=\"alignright wp-image-23 size-medium\" src=\"http:\/\/www.tanzraum-ries.de\/wp-content\/uploads\/2015\/07\/055-Large-200x300.jpg\" alt=\"055 (Large)\" width=\"200\" height=\"300\" srcset=\"http:\/\/www.tanzraum-ries.de\/legacy\/wp-content\/uploads\/sites\/1\/2015\/07\/055-Large-200x300.jpg 200w, http:\/\/www.tanzraum-ries.de\/legacy\/wp-content\/uploads\/sites\/1\/2015\/07\/055-Large-684x1024.jpg 684w, http:\/\/www.tanzraum-ries.de\/legacy\/wp-content\/uploads\/sites\/1\/2015\/07\/055-Large.jpg 721w\" sizes=\"(max-width: 200px) 100vw, 200px\" \/>HipHop umfasst alle Tanzstile, die sich haupts\u00e4chlich in den Stra\u00dfen der amerikanischen Ghettos oder auf Schulh\u00f6fen entwickelt haben. Dazu geh\u00f6ren Breakdance, Popping, Locking, New Style, Krumping und Urban. Hip Hop und Streetdance an sich ist sehr improvisationsfreudig und vor allem kommunikativ. Er lebt von Emotionen, wie Trauer, Schmerz, Freude oder auch Aggressivit\u00e4t.<br \/>\nJe nach Pers\u00f6nlichkeit und Kreativit\u00e4t der T\u00e4nzer werden diese noch durch Elemente aus dem Jazz oder durch selbsterfundene Moves bereichert und Choreografien einstudiert.<\/p>\n","protected":false},"excerpt":{"rendered":"<p>HipHop umfasst alle Tanzstile, die sich haupts\u00e4chlich in den Stra\u00dfen der amerikanischen Ghettos oder auf Schulh\u00f6fen entwickelt haben. Dazu geh\u00f6ren Breakdance, Popping, Locking, New Style, Krumping und Urban. Hip Hop und Streetdance an sich ist sehr improvisationsfreudig und vor allem<\/p>\n","protected":false},"author":1,"featured_media":0,"parent":96,"menu_order":0,"comment_status":"closed","ping_status":"closed","template":"","meta":{"_crdt_document":"","_uag_custom_page_level_css":"","ngg_post_thumbnail":0,"footnotes":""},"class_list":["post-22","page","type-page","status-publish","hentry"],"uagb_featured_image_src":{"full":false,"thumbnail":false,"medium":false,"medium_large":false,"large":false,"1536x1536":false,"2048x2048":false,"featured-blog-large":false,"featured-blog-medium":false,"featured":false,"featured-blog-medium-small":false},"uagb_author_info":{"display_name":"admin1","author_link":"http:\/\/www.tanzraum-ries.de\/legacy\/blog\/author\/admin1\/"},"uagb_comment_info":0,"uagb_excerpt":"HipHop umfasst alle Tanzstile, die sich haupts\u00e4chlich in den Stra\u00dfen der amerikanischen Ghettos oder auf Schulh\u00f6fen entwickelt haben. Dazu geh\u00f6ren Breakdance, Popping, Locking, New Style, Krumping und Urban. Hip Hop und Streetdance an sich ist sehr improvisationsfreudig und vor allem","_links":{"self":[{"href":"http:\/\/www.tanzraum-ries.de\/legacy\/wp-json\/wp\/v2\/pages\/22","targetHints":{"allow":["GET"]}}],"collection":[{"href":"http:\/\/www.tanzraum-ries.de\/legacy\/wp-json\/wp\/v2\/pages"}],"about":[{"href":"http:\/\/www.tanzraum-ries.de\/legacy\/wp-json\/wp\/v2\/types\/page"}],"author":[{"embeddable":true,"href":"http:\/\/www.tanzraum-ries.de\/legacy\/wp-json\/wp\/v2\/users\/1"}],"replies":[{"embeddable":true,"href":"http:\/\/www.tanzraum-ries.de\/legacy\/wp-json\/wp\/v2\/comments?post=22"}],"version-history":[{"count":2,"href":"http:\/\/www.tanzraum-ries.de\/legacy\/wp-json\/wp\/v2\/pages\/22\/revisions"}],"predecessor-version":[{"id":181,"href":"http:\/\/www.tanzraum-ries.de\/legacy\/wp-json\/wp\/v2\/pages\/22\/revisions\/181"}],"up":[{"embeddable":true,"href":"http:\/\/www.tanzraum-ries.de\/legacy\/wp-json\/wp\/v2\/pages\/96"}],"wp:attachment":[{"href":"http:\/\/www.tanzraum-ries.de\/legacy\/wp-json\/wp\/v2\/media?parent=22"}],"curies":[{"name":"wp","href":"https:\/\/api.w.org\/{rel}","templated":true}]}}