{"id":28,"date":"2015-07-13T22:24:08","date_gmt":"2015-07-13T22:24:08","guid":{"rendered":"http:\/\/www.tanzraum-ries.de\/?page_id=28"},"modified":"2023-03-02T14:01:43","modified_gmt":"2023-03-02T14:01:43","slug":"kindertanz-ab-4-jahre","status":"publish","type":"page","link":"http:\/\/www.tanzraum-ries.de\/legacy\/tanzstile\/kindertanz-ab-4-jahre\/","title":{"rendered":"T\u00e4nzerische Fr\u00fcherziehung, ab 4 Jahre"},"content":{"rendered":"<h3>T\u00e4nzerische Fr\u00fcherziehung (TFE)<\/h3>\n<p><img fetchpriority=\"high\" decoding=\"async\" class=\"alignright wp-image-26 size-medium\" src=\"http:\/\/www.tanzraum-ries.de\/wp-content\/uploads\/2015\/07\/P4250111-Large-300x225.jpg\" alt=\"\" width=\"300\" height=\"225\" srcset=\"http:\/\/www.tanzraum-ries.de\/legacy\/wp-content\/uploads\/sites\/1\/2015\/07\/P4250111-Large-300x225.jpg 300w, http:\/\/www.tanzraum-ries.de\/legacy\/wp-content\/uploads\/sites\/1\/2015\/07\/P4250111-Large-1024x766.jpg 1024w, http:\/\/www.tanzraum-ries.de\/legacy\/wp-content\/uploads\/sites\/1\/2015\/07\/P4250111-Large.jpg 1443w\" sizes=\"(max-width: 300px) 100vw, 300px\" \/><span class=\"font\"><span style=\"font-size: 10.0pt; font-family: 'Segoe UI',sans-serif;\">TFE ist ein ganzheitliches Training f\u00fcr Kinder. Nicht nur Psychomotorik (Bewegung), sondern auch Improvisation, Sprache und Gesang sind elementare Bestandteile einer Tanzstunde. Die kindliche Phantasie und der Ideenreichtum werden im kreativen Prozess genutzt, sowie gef\u00f6rdert. Auf spielerische und liebevolle Weise m\u00f6chten wir unseren kleinsten T\u00e4nzerinnen und T\u00e4nzern die Freude am Tanz und an der Bewegung vermitteln und sie mit viel Spa\u00df langsam auf das sp\u00e4tere Erlernen von allen anderen Tanztechniken vorbereiten. Grundelemente des Ballett-Tanzes flie\u00dfen bereits leicht in den Unterricht mit ein, da diese als Grundbaustein f\u00fcr die meisten weiteren Tanzstile gelten. Tanzschritte und Techniken werden nicht nur durch Nachahmung vermittelt, sondern die Kinder sollen ebenso lernen, die eigenen inneren Bilder mit ihrem K\u00f6rper in Bewegung umzusetzen und ihre individuelle t\u00e4nzerische Pers\u00f6nlichkeit zu entfalten.<\/span><\/span><\/p>\n","protected":false},"excerpt":{"rendered":"<p>T\u00e4nzerische Fr\u00fcherziehung (TFE) TFE ist ein ganzheitliches Training f\u00fcr Kinder. Nicht nur Psychomotorik (Bewegung), sondern auch Improvisation, Sprache und Gesang sind elementare Bestandteile einer Tanzstunde. Die kindliche Phantasie und der Ideenreichtum werden im kreativen Prozess genutzt, sowie gef\u00f6rdert. Auf spielerische<\/p>\n","protected":false},"author":1,"featured_media":0,"parent":96,"menu_order":0,"comment_status":"closed","ping_status":"closed","template":"","meta":{"_crdt_document":"","_uag_custom_page_level_css":"","ngg_post_thumbnail":0,"footnotes":""},"class_list":["post-28","page","type-page","status-publish","hentry"],"uagb_featured_image_src":{"full":false,"thumbnail":false,"medium":false,"medium_large":false,"large":false,"1536x1536":false,"2048x2048":false,"featured-blog-large":false,"featured-blog-medium":false,"featured":false,"featured-blog-medium-small":false},"uagb_author_info":{"display_name":"admin1","author_link":"http:\/\/www.tanzraum-ries.de\/legacy\/blog\/author\/admin1\/"},"uagb_comment_info":0,"uagb_excerpt":"T\u00e4nzerische Fr\u00fcherziehung (TFE) TFE ist ein ganzheitliches Training f\u00fcr Kinder. Nicht nur Psychomotorik (Bewegung), sondern auch Improvisation, Sprache und Gesang sind elementare Bestandteile einer Tanzstunde. Die kindliche Phantasie und der Ideenreichtum werden im kreativen Prozess genutzt, sowie gef\u00f6rdert. Auf spielerische","_links":{"self":[{"href":"http:\/\/www.tanzraum-ries.de\/legacy\/wp-json\/wp\/v2\/pages\/28","targetHints":{"allow":["GET"]}}],"collection":[{"href":"http:\/\/www.tanzraum-ries.de\/legacy\/wp-json\/wp\/v2\/pages"}],"about":[{"href":"http:\/\/www.tanzraum-ries.de\/legacy\/wp-json\/wp\/v2\/types\/page"}],"author":[{"embeddable":true,"href":"http:\/\/www.tanzraum-ries.de\/legacy\/wp-json\/wp\/v2\/users\/1"}],"replies":[{"embeddable":true,"href":"http:\/\/www.tanzraum-ries.de\/legacy\/wp-json\/wp\/v2\/comments?post=28"}],"version-history":[{"count":5,"href":"http:\/\/www.tanzraum-ries.de\/legacy\/wp-json\/wp\/v2\/pages\/28\/revisions"}],"predecessor-version":[{"id":1335,"href":"http:\/\/www.tanzraum-ries.de\/legacy\/wp-json\/wp\/v2\/pages\/28\/revisions\/1335"}],"up":[{"embeddable":true,"href":"http:\/\/www.tanzraum-ries.de\/legacy\/wp-json\/wp\/v2\/pages\/96"}],"wp:attachment":[{"href":"http:\/\/www.tanzraum-ries.de\/legacy\/wp-json\/wp\/v2\/media?parent=28"}],"curies":[{"name":"wp","href":"https:\/\/api.w.org\/{rel}","templated":true}]}}