{"id":7,"date":"2015-07-13T21:49:55","date_gmt":"2015-07-13T21:49:55","guid":{"rendered":"http:\/\/www.tanzraum-ries.de\/?page_id=7"},"modified":"2024-10-31T14:20:11","modified_gmt":"2024-10-31T14:20:11","slug":"home","status":"publish","type":"page","link":"http:\/\/www.tanzraum-ries.de\/legacy\/","title":{"rendered":"Home"},"content":{"rendered":"<p>Willkommen auf der Website des TANZ\u2502RAUM !<\/p>\n<p>Der TANZ\u2502RAUM wurde von mir 2001 gegr\u00fcndet und ist die erste Schule im Ries, die neben den klassischen, k\u00fcnstlerischen F\u00e4chern wie Ballett auch Modern\/Contemporary, Improvisation und Breakdance etabliert hat.<br \/>\nWir sind Mitglied im&nbsp;Deutschen Berufsverband f\u00fcr Tanzp\u00e4dagogik (DBfT) und der deutschen Gesellschaft f\u00fcr Tanzforschung (GfT).<br \/>\nEgal ob jung oder alt, ich lade Sie gerne ein, das vielf\u00e4ltige Angebot des TANZ\u2502RAUM mit seinen Tanzstilen an zu sehen und eine &#8211; selbstverst\u00e4ndlich kostenlose \u2013 Probestunde mit unserem B\u00fcro (09087-920470 oder buero at tanzraum-ries.de ) zu vereinbaren.<\/p>\n<p>Hier finden Sie unseren aktuellen <a href=\"https:\/\/www.tanzraum-ries.de\/kursangebote-preise\/aktueller-stundenplan\/\">Stundenplan<\/a>.<br \/>\nViel Spa\u00df und bis bald!<\/p>\n<p><img decoding=\"async\" class=\"alignnone size-full wp-image-8\" src=\"http:\/\/www.tanzraum-ries.de\/wp-content\/uploads\/2015\/07\/unterschrift.jpg\" alt=\"unterschrift\" width=\"223\" height=\"78\"><br \/>\nmit ihrem TANZ\u2502RAUM-Team<\/p>\n","protected":false},"excerpt":{"rendered":"<p>Willkommen auf der Website des TANZ\u2502RAUM ! Der TANZ\u2502RAUM wurde von mir 2001 gegr\u00fcndet und ist die erste Schule im Ries, die neben den klassischen, k\u00fcnstlerischen F\u00e4chern wie Ballett auch Modern\/Contemporary, Improvisation und Breakdance etabliert hat. Wir sind Mitglied im&nbsp;Deutschen<\/p>\n","protected":false},"author":1,"featured_media":0,"parent":0,"menu_order":0,"comment_status":"closed","ping_status":"closed","template":"","meta":{"_crdt_document":"","_uag_custom_page_level_css":"","ngg_post_thumbnail":0,"footnotes":""},"class_list":["post-7","page","type-page","status-publish","hentry"],"uagb_featured_image_src":{"full":false,"thumbnail":false,"medium":false,"medium_large":false,"large":false,"1536x1536":false,"2048x2048":false,"featured-blog-large":false,"featured-blog-medium":false,"featured":false,"featured-blog-medium-small":false},"uagb_author_info":{"display_name":"admin1","author_link":"http:\/\/www.tanzraum-ries.de\/legacy\/blog\/author\/admin1\/"},"uagb_comment_info":0,"uagb_excerpt":"Willkommen auf der Website des TANZ\u2502RAUM ! Der TANZ\u2502RAUM wurde von mir 2001 gegr\u00fcndet und ist die erste Schule im Ries, die neben den klassischen, k\u00fcnstlerischen F\u00e4chern wie Ballett auch Modern\/Contemporary, Improvisation und Breakdance etabliert hat. Wir sind Mitglied im&nbsp;Deutschen","_links":{"self":[{"href":"http:\/\/www.tanzraum-ries.de\/legacy\/wp-json\/wp\/v2\/pages\/7","targetHints":{"allow":["GET"]}}],"collection":[{"href":"http:\/\/www.tanzraum-ries.de\/legacy\/wp-json\/wp\/v2\/pages"}],"about":[{"href":"http:\/\/www.tanzraum-ries.de\/legacy\/wp-json\/wp\/v2\/types\/page"}],"author":[{"embeddable":true,"href":"http:\/\/www.tanzraum-ries.de\/legacy\/wp-json\/wp\/v2\/users\/1"}],"replies":[{"embeddable":true,"href":"http:\/\/www.tanzraum-ries.de\/legacy\/wp-json\/wp\/v2\/comments?post=7"}],"version-history":[{"count":26,"href":"http:\/\/www.tanzraum-ries.de\/legacy\/wp-json\/wp\/v2\/pages\/7\/revisions"}],"predecessor-version":[{"id":1398,"href":"http:\/\/www.tanzraum-ries.de\/legacy\/wp-json\/wp\/v2\/pages\/7\/revisions\/1398"}],"wp:attachment":[{"href":"http:\/\/www.tanzraum-ries.de\/legacy\/wp-json\/wp\/v2\/media?parent=7"}],"curies":[{"name":"wp","href":"https:\/\/api.w.org\/{rel}","templated":true}]}}