{"id":71,"date":"2015-07-13T23:47:02","date_gmt":"2015-07-13T23:47:02","guid":{"rendered":"http:\/\/www.tanzraum-ries.de\/?page_id=71"},"modified":"2015-07-13T23:47:02","modified_gmt":"2015-07-13T23:47:02","slug":"impressum","status":"publish","type":"page","link":"http:\/\/www.tanzraum-ries.de\/legacy\/impressum\/","title":{"rendered":"Impressum"},"content":{"rendered":"<h3>F\u00fcr den Inhalt verantwortlich:<\/h3>\n<p>Barbara J. Lins<br \/>\nBirgittenstr. 22, D-86747<br \/>\nMaihingen<\/p>\n<p>Tel. 09087-920470 Fax 90301<br \/>\nE-Mail: bjlins[at]t-online.de<\/p>\n<h3>Haftungsausschluss<\/h3>\n<p>Wir \u00fcbernehmen keine Haftung daf\u00fcr, dass die auf diesen Internet Seiten bereitgestellten Informationen vollst\u00e4ndig, richtig und in jedem Fall aktuell sind.<br \/>\nDies gilt auch f\u00fcr Links, auf die diese Internet Seiten direkt oder indirekt verweist.<\/p>\n<p>Wir behalten uns das Recht vor, ohne vorherige Ank\u00fcndigung, \u00c4nderungen oder Erg\u00e4nzungen an den bereitgestellten Informationen vorzunehmen.<\/p>\n<h3>Urheberrecht<\/h3>\n<p>Der Inhalt dieser Website ist urheberrechtlich gesch\u00fctzt.<br \/>\nEine Vervielf\u00e4ltigung der hier ver\u00f6ffentlichten Inhalte und Grafiken ist nur mit ausdr\u00fccklicher schriftlicher Genehmigung gestattet.<\/p>\n","protected":false},"excerpt":{"rendered":"<p>F\u00fcr den Inhalt verantwortlich: Barbara J. Lins Birgittenstr. 22, D-86747 Maihingen Tel. 09087-920470 Fax 90301 E-Mail: bjlins[at]t-online.de Haftungsausschluss Wir \u00fcbernehmen keine Haftung daf\u00fcr, dass die auf diesen Internet Seiten bereitgestellten Informationen vollst\u00e4ndig, richtig und in jedem Fall aktuell sind. Dies<\/p>\n","protected":false},"author":1,"featured_media":0,"parent":0,"menu_order":0,"comment_status":"closed","ping_status":"closed","template":"","meta":{"_crdt_document":"","_uag_custom_page_level_css":"","ngg_post_thumbnail":0,"footnotes":""},"class_list":["post-71","page","type-page","status-publish","hentry"],"uagb_featured_image_src":{"full":false,"thumbnail":false,"medium":false,"medium_large":false,"large":false,"1536x1536":false,"2048x2048":false,"featured-blog-large":false,"featured-blog-medium":false,"featured":false,"featured-blog-medium-small":false},"uagb_author_info":{"display_name":"admin1","author_link":"http:\/\/www.tanzraum-ries.de\/legacy\/blog\/author\/admin1\/"},"uagb_comment_info":0,"uagb_excerpt":"F\u00fcr den Inhalt verantwortlich: Barbara J. Lins Birgittenstr. 22, D-86747 Maihingen Tel. 09087-920470 Fax 90301 E-Mail: bjlins[at]t-online.de Haftungsausschluss Wir \u00fcbernehmen keine Haftung daf\u00fcr, dass die auf diesen Internet Seiten bereitgestellten Informationen vollst\u00e4ndig, richtig und in jedem Fall aktuell sind. Dies","_links":{"self":[{"href":"http:\/\/www.tanzraum-ries.de\/legacy\/wp-json\/wp\/v2\/pages\/71","targetHints":{"allow":["GET"]}}],"collection":[{"href":"http:\/\/www.tanzraum-ries.de\/legacy\/wp-json\/wp\/v2\/pages"}],"about":[{"href":"http:\/\/www.tanzraum-ries.de\/legacy\/wp-json\/wp\/v2\/types\/page"}],"author":[{"embeddable":true,"href":"http:\/\/www.tanzraum-ries.de\/legacy\/wp-json\/wp\/v2\/users\/1"}],"replies":[{"embeddable":true,"href":"http:\/\/www.tanzraum-ries.de\/legacy\/wp-json\/wp\/v2\/comments?post=71"}],"version-history":[{"count":1,"href":"http:\/\/www.tanzraum-ries.de\/legacy\/wp-json\/wp\/v2\/pages\/71\/revisions"}],"predecessor-version":[{"id":72,"href":"http:\/\/www.tanzraum-ries.de\/legacy\/wp-json\/wp\/v2\/pages\/71\/revisions\/72"}],"wp:attachment":[{"href":"http:\/\/www.tanzraum-ries.de\/legacy\/wp-json\/wp\/v2\/media?parent=71"}],"curies":[{"name":"wp","href":"https:\/\/api.w.org\/{rel}","templated":true}]}}