{"id":108,"date":"2026-02-03T15:16:40","date_gmt":"2026-02-03T14:16:40","guid":{"rendered":"https:\/\/www.tanzraum-ries.de\/dance-praise\/?page_id=108"},"modified":"2026-02-05T16:32:28","modified_gmt":"2026-02-05T15:32:28","slug":"angebot-erstellen","status":"publish","type":"page","link":"https:\/\/www.tanzraum-ries.de\/dance-praise\/angebot-erstellen\/","title":{"rendered":"Angebot erstellen"},"content":{"rendered":"\n<div class=\"wp-block-uagb-container uagb-block-c5cf6970 alignfull uagb-is-root-container\">\n<div class=\"wp-block-group has-global-padding is-layout-constrained wp-container-core-group-is-layout-346627ba wp-block-group-is-layout-constrained\">      \n\t\t\t<div class=\"uagb-icon-wrapper uagb-block-1812e4ab      \"\n\t\t\tstyle=\"\" >\n\t\t\t\t\t\t\t\t\t<span class=\"uagb-svg-wrapper\" \n\t\t\t\t\t aria-label=\"circle-check\"\t\t\t\t\ttabindex=\"0\">\t\t\n\t\t\t\t\t\t\t\t\t\t<svg xmlns=\"https:\/\/www.w3.org\/2000\/svg\" viewBox= \"0 0 512 512\" role=\"graphics-symbol\" aria-hidden=\"false\" aria-label=\"\"><path d=\"M0 256C0 114.6 114.6 0 256 0C397.4 0 512 114.6 512 256C512 397.4 397.4 512 256 512C114.6 512 0 397.4 0 256zM371.8 211.8C382.7 200.9 382.7 183.1 371.8 172.2C360.9 161.3 343.1 161.3 332.2 172.2L224 280.4L179.8 236.2C168.9 225.3 151.1 225.3 140.2 236.2C129.3 247.1 129.3 264.9 140.2 275.8L204.2 339.8C215.1 350.7 232.9 350.7 243.8 339.8L371.8 211.8z\"><\/path><\/svg>\n\t\t\t\t\t\t\t\t\t<\/span>\n\t\t\t\t\t\t\t<\/div>\n\t\t\t\n\n\n<p class=\"has-text-align-center wp-block-paragraph\">Hier kannst du dein Angebot f\u00fcr das Dance&amp;Praise Netzwerk einreichen.<br>Nach einer kurzen Pr\u00fcfung wird es ver\u00f6ffentlicht.<\/p>\n<\/div>\n<\/div>\n\n\n\n<div class=\"wp-block-uagb-container uagb-block-487bd476 alignfull uagb-is-root-container\"><div class=\"uagb-container-inner-blocks-wrap\">\n<div class=\"wp-block-columns alignwide is-style-default is-layout-flex wp-container-core-columns-is-layout-66fad18a wp-block-columns-is-layout-flex\">\n<div class=\"wp-block-column is-layout-flow wp-block-column-is-layout-flow\" style=\"padding-right:var(--wp--preset--spacing--50);flex-basis:45%\">\n<div class=\"wp-block-group has-global-padding is-layout-constrained wp-block-group-is-layout-constrained\">\n<figure class=\"wp-block-image size-full has-custom-border\"><img decoding=\"async\" src=\"https:\/\/www.tanzraum-ries.de\/dance-praise\/wp-content\/themes\/twentytwentyfive\/assets\/images\/red-hibiscus-closeup.webp\" alt=\"Nahaufnahme einer roten Blume.\" style=\"border-top-left-radius:45px;border-top-right-radius:45px;border-bottom-left-radius:45px;border-bottom-right-radius:45px\"\/><\/figure>\n<\/div>\n\n\n\n<div class=\"wp-block-group has-global-padding is-layout-constrained wp-block-group-is-layout-constrained\" style=\"margin-top:-12vw\">\n<div class=\"wp-block-uagb-container uagb-block-1630a542\">\n<figure class=\"wp-block-image size-large is-resized has-custom-border is-style-default\" style=\"margin-top:var(--wp--preset--spacing--30);margin-right:0;margin-bottom:var(--wp--preset--spacing--30);margin-left:0\"><img fetchpriority=\"high\" decoding=\"async\" width=\"1024\" height=\"683\" src=\"http:\/\/www.tanzraum-ries.de\/dance-praise\/wp-content\/uploads\/sites\/8\/2026\/02\/pexels-photo-23719481-23719481-1024x683.jpg\" alt=\"Black and white close-up of hands gently holding white chrysanthemums, evoking a sense of delicacy.\" class=\"wp-image-162\" style=\"border-style:none;border-width:0px;border-top-left-radius:60px;border-top-right-radius:60px;border-bottom-left-radius:60px;border-bottom-right-radius:60px;width:405px;height:auto\" srcset=\"https:\/\/www.tanzraum-ries.de\/dance-praise\/wp-content\/uploads\/sites\/8\/2026\/02\/pexels-photo-23719481-23719481-1024x683.jpg 1024w, https:\/\/www.tanzraum-ries.de\/dance-praise\/wp-content\/uploads\/sites\/8\/2026\/02\/pexels-photo-23719481-23719481-300x200.jpg 300w, https:\/\/www.tanzraum-ries.de\/dance-praise\/wp-content\/uploads\/sites\/8\/2026\/02\/pexels-photo-23719481-23719481-768x512.jpg 768w, https:\/\/www.tanzraum-ries.de\/dance-praise\/wp-content\/uploads\/sites\/8\/2026\/02\/pexels-photo-23719481-23719481-1536x1024.jpg 1536w, https:\/\/www.tanzraum-ries.de\/dance-praise\/wp-content\/uploads\/sites\/8\/2026\/02\/pexels-photo-23719481-23719481-2048x1365.jpg 2048w\" sizes=\"(max-width: 1024px) 100vw, 1024px\" \/><\/figure>\n<\/div>\n<\/div>\n<\/div>\n\n\n\n<div class=\"wp-block-column is-vertically-aligned-center is-layout-flow wp-block-column-is-layout-flow\" style=\"padding-right:0;padding-left:0;flex-basis:50%\">\n<div class=\"wp-block-group is-vertical is-layout-flex wp-container-core-group-is-layout-fe9cc265 wp-block-group-is-layout-flex\">\n<p class=\"is-style-text-annotation is-style-text-annotation--1 wp-block-paragraph\">Dance&amp;Praise ist ein kuratierter Raum.<br>Alle Angebote werden vor der Ver\u00f6ffentlichung gepr\u00fcft.<\/p>\n\n\n<div class=\"wpuf-message\">Bitte melde dich an, um ein Angebot im Dance&amp;Praise Netzwerk einzureichen.<\/div>\n<\/div>\n<\/div>\n<\/div>\n<\/div><\/div>\n\n\n\n<p class=\"wp-block-paragraph\"><\/p>\n","protected":false},"excerpt":{"rendered":"<p>Hier kannst du dein Angebot f\u00fcr das Dance&amp;Praise Netzwerk einreichen.Nach einer kurzen Pr\u00fcfung wird es ver\u00f6ffentlicht. Dance&amp;Praise ist ein kuratierter Raum.Alle Angebote werden vor der Ver\u00f6ffentlichung gepr\u00fcft.<\/p>\n","protected":false},"author":1,"featured_media":0,"parent":0,"menu_order":0,"comment_status":"closed","ping_status":"closed","template":"","meta":{"_crdt_document":"","_uag_custom_page_level_css":"","footnotes":""},"class_list":["post-108","page","type-page","status-publish","hentry"],"yoast_head":"<!-- This site is optimized with the Yoast SEO plugin v25.7 - https:\/\/yoast.com\/wordpress\/plugins\/seo\/ -->\n<title>Angebot erstellen - dance_and_praise<\/title>\n<meta name=\"robots\" content=\"index, follow, max-snippet:-1, max-image-preview:large, max-video-preview:-1\" \/>\n<link rel=\"canonical\" href=\"https:\/\/www.tanzraum-ries.de\/dance-praise\/angebot-erstellen\/\" \/>\n<meta property=\"og:locale\" content=\"de_DE\" \/>\n<meta property=\"og:type\" content=\"article\" \/>\n<meta property=\"og:title\" content=\"Angebot erstellen - dance_and_praise\" \/>\n<meta property=\"og:description\" content=\"Hier kannst du dein Angebot f\u00fcr das Dance&amp;Praise Netzwerk einreichen.Nach einer kurzen Pr\u00fcfung wird es ver\u00f6ffentlicht. Dance&amp;Praise ist ein kuratierter Raum.Alle Angebote werden vor der Ver\u00f6ffentlichung gepr\u00fcft.\" \/>\n<meta property=\"og:url\" content=\"https:\/\/www.tanzraum-ries.de\/dance-praise\/angebot-erstellen\/\" \/>\n<meta property=\"og:site_name\" content=\"dance_and_praise\" \/>\n<meta property=\"article:modified_time\" content=\"2026-02-05T15:32:28+00:00\" \/>\n<meta property=\"og:image\" content=\"https:\/\/www.tanzraum-ries.de\/dance-praise\/wp-content\/themes\/twentytwentyfive\/assets\/images\/red-hibiscus-closeup.webp\" \/>\n<meta name=\"twitter:card\" content=\"summary_large_image\" \/>\n<meta name=\"twitter:label1\" content=\"Gesch\u00e4tzte Lesezeit\" \/>\n\t<meta name=\"twitter:data1\" content=\"1\u00a0Minute\" \/>\n<script type=\"application\/ld+json\" class=\"yoast-schema-graph\">{\"@context\":\"https:\/\/schema.org\",\"@graph\":[{\"@type\":\"WebPage\",\"@id\":\"https:\/\/www.tanzraum-ries.de\/dance-praise\/angebot-erstellen\/\",\"url\":\"https:\/\/www.tanzraum-ries.de\/dance-praise\/angebot-erstellen\/\",\"name\":\"Angebot erstellen - dance_and_praise\",\"isPartOf\":{\"@id\":\"https:\/\/www.tanzraum-ries.de\/dance-praise\/#website\"},\"primaryImageOfPage\":{\"@id\":\"https:\/\/www.tanzraum-ries.de\/dance-praise\/angebot-erstellen\/#primaryimage\"},\"image\":{\"@id\":\"https:\/\/www.tanzraum-ries.de\/dance-praise\/angebot-erstellen\/#primaryimage\"},\"thumbnailUrl\":\"https:\/\/www.tanzraum-ries.de\/dance-praise\/wp-content\/themes\/twentytwentyfive\/assets\/images\/red-hibiscus-closeup.webp\",\"datePublished\":\"2026-02-03T14:16:40+00:00\",\"dateModified\":\"2026-02-05T15:32:28+00:00\",\"breadcrumb\":{\"@id\":\"https:\/\/www.tanzraum-ries.de\/dance-praise\/angebot-erstellen\/#breadcrumb\"},\"inLanguage\":\"de\",\"potentialAction\":[{\"@type\":\"ReadAction\",\"target\":[\"https:\/\/www.tanzraum-ries.de\/dance-praise\/angebot-erstellen\/\"]}]},{\"@type\":\"ImageObject\",\"inLanguage\":\"de\",\"@id\":\"https:\/\/www.tanzraum-ries.de\/dance-praise\/angebot-erstellen\/#primaryimage\",\"url\":\"https:\/\/www.tanzraum-ries.de\/dance-praise\/wp-content\/themes\/twentytwentyfive\/assets\/images\/red-hibiscus-closeup.webp\",\"contentUrl\":\"https:\/\/www.tanzraum-ries.de\/dance-praise\/wp-content\/themes\/twentytwentyfive\/assets\/images\/red-hibiscus-closeup.webp\"},{\"@type\":\"BreadcrumbList\",\"@id\":\"https:\/\/www.tanzraum-ries.de\/dance-praise\/angebot-erstellen\/#breadcrumb\",\"itemListElement\":[{\"@type\":\"ListItem\",\"position\":1,\"name\":\"Startseite\",\"item\":\"https:\/\/www.tanzraum-ries.de\/dance-praise\/\"},{\"@type\":\"ListItem\",\"position\":2,\"name\":\"Angebot erstellen\"}]},{\"@type\":\"WebSite\",\"@id\":\"https:\/\/www.tanzraum-ries.de\/dance-praise\/#website\",\"url\":\"https:\/\/www.tanzraum-ries.de\/dance-praise\/\",\"name\":\"dance_and_praise\",\"description\":\"\",\"potentialAction\":[{\"@type\":\"SearchAction\",\"target\":{\"@type\":\"EntryPoint\",\"urlTemplate\":\"https:\/\/www.tanzraum-ries.de\/dance-praise\/?s={search_term_string}\"},\"query-input\":{\"@type\":\"PropertyValueSpecification\",\"valueRequired\":true,\"valueName\":\"search_term_string\"}}],\"inLanguage\":\"de\"}]}<\/script>\n<!-- \/ Yoast SEO plugin. -->","yoast_head_json":{"title":"Angebot erstellen - dance_and_praise","robots":{"index":"index","follow":"follow","max-snippet":"max-snippet:-1","max-image-preview":"max-image-preview:large","max-video-preview":"max-video-preview:-1"},"canonical":"https:\/\/www.tanzraum-ries.de\/dance-praise\/angebot-erstellen\/","og_locale":"de_DE","og_type":"article","og_title":"Angebot erstellen - dance_and_praise","og_description":"Hier kannst du dein Angebot f\u00fcr das Dance&amp;Praise Netzwerk einreichen.Nach einer kurzen Pr\u00fcfung wird es ver\u00f6ffentlicht. Dance&amp;Praise ist ein kuratierter Raum.Alle Angebote werden vor der Ver\u00f6ffentlichung gepr\u00fcft.","og_url":"https:\/\/www.tanzraum-ries.de\/dance-praise\/angebot-erstellen\/","og_site_name":"dance_and_praise","article_modified_time":"2026-02-05T15:32:28+00:00","og_image":[{"url":"https:\/\/www.tanzraum-ries.de\/dance-praise\/wp-content\/themes\/twentytwentyfive\/assets\/images\/red-hibiscus-closeup.webp","type":"","width":"","height":""}],"twitter_card":"summary_large_image","twitter_misc":{"Gesch\u00e4tzte Lesezeit":"1\u00a0Minute"},"schema":{"@context":"https:\/\/schema.org","@graph":[{"@type":"WebPage","@id":"https:\/\/www.tanzraum-ries.de\/dance-praise\/angebot-erstellen\/","url":"https:\/\/www.tanzraum-ries.de\/dance-praise\/angebot-erstellen\/","name":"Angebot erstellen - dance_and_praise","isPartOf":{"@id":"https:\/\/www.tanzraum-ries.de\/dance-praise\/#website"},"primaryImageOfPage":{"@id":"https:\/\/www.tanzraum-ries.de\/dance-praise\/angebot-erstellen\/#primaryimage"},"image":{"@id":"https:\/\/www.tanzraum-ries.de\/dance-praise\/angebot-erstellen\/#primaryimage"},"thumbnailUrl":"https:\/\/www.tanzraum-ries.de\/dance-praise\/wp-content\/themes\/twentytwentyfive\/assets\/images\/red-hibiscus-closeup.webp","datePublished":"2026-02-03T14:16:40+00:00","dateModified":"2026-02-05T15:32:28+00:00","breadcrumb":{"@id":"https:\/\/www.tanzraum-ries.de\/dance-praise\/angebot-erstellen\/#breadcrumb"},"inLanguage":"de","potentialAction":[{"@type":"ReadAction","target":["https:\/\/www.tanzraum-ries.de\/dance-praise\/angebot-erstellen\/"]}]},{"@type":"ImageObject","inLanguage":"de","@id":"https:\/\/www.tanzraum-ries.de\/dance-praise\/angebot-erstellen\/#primaryimage","url":"https:\/\/www.tanzraum-ries.de\/dance-praise\/wp-content\/themes\/twentytwentyfive\/assets\/images\/red-hibiscus-closeup.webp","contentUrl":"https:\/\/www.tanzraum-ries.de\/dance-praise\/wp-content\/themes\/twentytwentyfive\/assets\/images\/red-hibiscus-closeup.webp"},{"@type":"BreadcrumbList","@id":"https:\/\/www.tanzraum-ries.de\/dance-praise\/angebot-erstellen\/#breadcrumb","itemListElement":[{"@type":"ListItem","position":1,"name":"Startseite","item":"https:\/\/www.tanzraum-ries.de\/dance-praise\/"},{"@type":"ListItem","position":2,"name":"Angebot erstellen"}]},{"@type":"WebSite","@id":"https:\/\/www.tanzraum-ries.de\/dance-praise\/#website","url":"https:\/\/www.tanzraum-ries.de\/dance-praise\/","name":"dance_and_praise","description":"","potentialAction":[{"@type":"SearchAction","target":{"@type":"EntryPoint","urlTemplate":"https:\/\/www.tanzraum-ries.de\/dance-praise\/?s={search_term_string}"},"query-input":{"@type":"PropertyValueSpecification","valueRequired":true,"valueName":"search_term_string"}}],"inLanguage":"de"}]}},"uagb_featured_image_src":{"full":false,"thumbnail":false,"medium":false,"medium_large":false,"large":false,"1536x1536":false,"2048x2048":false},"uagb_author_info":{"display_name":"admin1","author_link":"https:\/\/www.tanzraum-ries.de\/dance-praise\/author\/admin1\/"},"uagb_comment_info":0,"uagb_excerpt":"Hier kannst du dein Angebot f\u00fcr das Dance&amp;Praise Netzwerk einreichen.Nach einer kurzen Pr\u00fcfung wird es ver\u00f6ffentlicht. Dance&amp;Praise ist ein kuratierter Raum.Alle Angebote werden vor der Ver\u00f6ffentlichung gepr\u00fcft.","_links":{"self":[{"href":"https:\/\/www.tanzraum-ries.de\/dance-praise\/wp-json\/wp\/v2\/pages\/108","targetHints":{"allow":["GET"]}}],"collection":[{"href":"https:\/\/www.tanzraum-ries.de\/dance-praise\/wp-json\/wp\/v2\/pages"}],"about":[{"href":"https:\/\/www.tanzraum-ries.de\/dance-praise\/wp-json\/wp\/v2\/types\/page"}],"author":[{"embeddable":true,"href":"https:\/\/www.tanzraum-ries.de\/dance-praise\/wp-json\/wp\/v2\/users\/1"}],"replies":[{"embeddable":true,"href":"https:\/\/www.tanzraum-ries.de\/dance-praise\/wp-json\/wp\/v2\/comments?post=108"}],"version-history":[{"count":6,"href":"https:\/\/www.tanzraum-ries.de\/dance-praise\/wp-json\/wp\/v2\/pages\/108\/revisions"}],"predecessor-version":[{"id":174,"href":"https:\/\/www.tanzraum-ries.de\/dance-praise\/wp-json\/wp\/v2\/pages\/108\/revisions\/174"}],"wp:attachment":[{"href":"https:\/\/www.tanzraum-ries.de\/dance-praise\/wp-json\/wp\/v2\/media?parent=108"}],"curies":[{"name":"wp","href":"https:\/\/api.w.org\/{rel}","templated":true}]}}