{"id":11,"date":"2026-02-01T16:33:45","date_gmt":"2026-02-01T15:33:45","guid":{"rendered":"https:\/\/www.tanzraum-ries.de\/dance-praise\/?page_id=11"},"modified":"2026-02-20T19:33:29","modified_gmt":"2026-02-20T18:33:29","slug":"home","status":"publish","type":"page","link":"https:\/\/www.tanzraum-ries.de\/dance-praise\/","title":{"rendered":"Home"},"content":{"rendered":"\n<div class=\"wp-block-uagb-container uagb-block-abb85a82 alignfull uagb-is-root-container\"><div class=\"uagb-container-inner-blocks-wrap\">\n<div class=\"wp-block-uagb-info-box uagb-block-2ba65764 uagb-infobox__content-wrap  uagb-infobox-icon-above-title uagb-infobox-image-valign-top wp-block-uagb-info-box--has-margin\"><div class=\"uagb-infobox-margin-wrapper\"><div class=\"uagb-ifb-content\"><div class=\"uagb-ifb-title-wrap\"><span class=\"uagb-ifb-title-prefix\">Willkommen bei<\/span><h1 class=\"uagb-ifb-title\">Dance&amp;Praise\u00ae: Gemeinschaft der Bewegung<\/h1><\/div><p class=\"uagb-ifb-desc\">Tanz verbindet K\u00f6rper, Geist und Glauben.<br>Dance&amp;Praise\u00ae bringt Menschen zusammen, die Bewegung als Ausdruck des christlichen Glaubens leben.<\/p><div class=\"uagb-ifb-button-wrapper wp-block-button\"><a href=\"https:\/\/www.tanzraum-ries.de\/dance-praise\/netzwerk\/\" class=\"uagb-infobox-cta-link wp-block-button__link\" target=\"_self\" rel=\"noopener noreferrer\" onclick=\"return true;\"><span class=\"uagb-inline-editing\">Netzwerk entdecken<\/span><\/a><\/div><\/div><\/div><\/div>\n\n\n\n<div class=\"wp-block-uagb-image aligncenter uagb-block-f8b35cf0 wp-block-uagb-image--layout-default wp-block-uagb-image--effect-static wp-block-uagb-image--align-center\"><figure class=\"wp-block-uagb-image__figure\"><img loading=\"lazy\" decoding=\"async\" srcset=\"https:\/\/www.tanzraum-ries.de\/dance-praise\/wp-content\/uploads\/sites\/8\/2026\/02\/cantars15_0180-1024x683.jpg ,https:\/\/www.tanzraum-ries.de\/dance-praise\/wp-content\/uploads\/sites\/8\/2026\/02\/cantars15_0180-scaled.jpg 780w, https:\/\/www.tanzraum-ries.de\/dance-praise\/wp-content\/uploads\/sites\/8\/2026\/02\/cantars15_0180-scaled.jpg 360w\" sizes=\"auto, (max-width: 480px) 150px\" src=\"https:\/\/www.tanzraum-ries.de\/dance-praise\/wp-content\/uploads\/sites\/8\/2026\/02\/cantars15_0180-1024x683.jpg\" alt=\"Tanzen in Kiche\" class=\"uag-image-41\" width=\"1024\" height=\"683\" title=\"cantars15_0180\" loading=\"lazy\" role=\"img\"\/><\/figure><\/div>\n<\/div><\/div>\n\n\n\n<div class=\"wp-block-uagb-container uagb-block-eb2c8490 default uagb-is-root-container\">\n<div class=\"wp-block-uagb-advanced-heading uagb-block-9ab6255a\"><h2 class=\"uagb-heading-text\">Unsere Angebote<\/h2><div class=\"uagb-separator\"><\/div><p class=\"uagb-desc-text\">Die Angebote von Dance&amp;Praise\u00ae entstehen aus dem Netzwerk und richten sich an unterschiedliche Kontexte.<\/p><\/div>\n\n\n\n<p class=\"wp-block-paragraph\"><\/p>\n\n\n\n<div class=\"wp-block-columns is-layout-flex wp-container-core-columns-is-layout-28f84493 wp-block-columns-is-layout-flex\">\n<div class=\"wp-block-column is-layout-flow wp-block-column-is-layout-flow\">\n<div class=\"wp-block-uagb-container uagb-block-0882eef6\">\n<div class=\"wp-block-uagb-image uagb-block-9a36b508 wp-block-uagb-image--layout-default wp-block-uagb-image--effect-static wp-block-uagb-image--align-none\"><figure class=\"wp-block-uagb-image__figure\"><img loading=\"lazy\" decoding=\"async\" srcset=\"https:\/\/www.tanzraum-ries.de\/dance-praise\/wp-content\/uploads\/sites\/8\/2026\/02\/05-2025-min-scaled-e1770734692110-1024x572.jpg ,https:\/\/www.tanzraum-ries.de\/dance-praise\/wp-content\/uploads\/sites\/8\/2026\/02\/05-2025-min-scaled-e1770734692110.jpg 780w, https:\/\/www.tanzraum-ries.de\/dance-praise\/wp-content\/uploads\/sites\/8\/2026\/02\/05-2025-min-scaled-e1770734692110.jpg 360w\" sizes=\"auto, (max-width: 480px) 150px\" src=\"https:\/\/www.tanzraum-ries.de\/dance-praise\/wp-content\/uploads\/sites\/8\/2026\/02\/05-2025-min-scaled-e1770734692110-1024x572.jpg\" alt=\"\" class=\"uag-image-260\" width=\"500\" height=\"340\" title=\"05-2025-min\" loading=\"lazy\" role=\"img\"\/><\/figure><\/div>\n\n\n\n<div class=\"wp-block-uagb-info-box uagb-block-2f2beea1 uagb-infobox__content-wrap  uagb-infobox-icon-above-title uagb-infobox-image-valign-top\"><div class=\"uagb-ifb-content\"><div class=\"uagb-ifb-title-wrap\"><span class=\"uagb-ifb-title-prefix\">01.<\/span><h2 class=\"uagb-ifb-title\"><strong>Tanzworkshops<\/strong><\/h2><\/div><div class=\"uagb-ifb-separator\"><\/div><p class=\"uagb-ifb-desc\">Unsere Workshops richten sich an Menschen mit unterschiedlichen t\u00e4nzerischen Vorerfahrungen. Sie verbinden k\u00f6rperliche Schulung mit kreativen Bewegungsprozessen. Im Zusammenspiel von Bewegung, Wahrnehmung und biblischen Impulsen wird Tanz als Erfahrungs- und Kommunikationsraum erlebbar.<\/p><\/div><\/div>\n<\/div>\n<\/div>\n\n\n\n<div class=\"wp-block-column is-layout-flow wp-block-column-is-layout-flow\">\n<div class=\"wp-block-uagb-container uagb-layout-flex uagb-block-1a6408c5\">\n<div class=\"wp-block-uagb-image uagb-block-a4e98c1f wp-block-uagb-image--layout-default wp-block-uagb-image--effect-static wp-block-uagb-image--align-none\"><figure class=\"wp-block-uagb-image__figure\"><img loading=\"lazy\" decoding=\"async\" srcset=\"https:\/\/www.tanzraum-ries.de\/dance-praise\/wp-content\/uploads\/sites\/8\/2026\/02\/20180204_091407-min-1024x768.jpg ,https:\/\/www.tanzraum-ries.de\/dance-praise\/wp-content\/uploads\/sites\/8\/2026\/02\/20180204_091407-min-scaled.jpg 780w, https:\/\/www.tanzraum-ries.de\/dance-praise\/wp-content\/uploads\/sites\/8\/2026\/02\/20180204_091407-min-scaled.jpg 360w\" sizes=\"auto, (max-width: 480px) 150px\" src=\"https:\/\/www.tanzraum-ries.de\/dance-praise\/wp-content\/uploads\/sites\/8\/2026\/02\/20180204_091407-min-1024x768.jpg\" alt=\"\" class=\"uag-image-261\" width=\"500\" height=\"300\" title=\"20180204_091407-min\" loading=\"lazy\" role=\"img\"\/><\/figure><\/div>\n\n\n\n<div class=\"wp-block-uagb-info-box uagb-block-4b7e7cf8 uagb-infobox__content-wrap  uagb-infobox-icon-above-title uagb-infobox-image-valign-top\"><div class=\"uagb-ifb-content\"><div class=\"uagb-ifb-title-wrap\"><span class=\"uagb-ifb-title-prefix\">02.<\/span><h2 class=\"uagb-ifb-title\"><strong>Kurse &amp; Auff\u00fchrungen<\/strong><\/h2><\/div><div class=\"uagb-ifb-separator\"><\/div><p class=\"uagb-ifb-desc\">Regelm\u00e4\u00dfige Kurse oder Gruppen bieten Raum f\u00fcr kontinuierliche Praxis und Vertiefung. Sie erm\u00f6glichen es, Tanz und Glauben langfristig miteinander zu verbinden und als Bestandteil des eigenen Alltags zu integrieren.<br>Auff\u00fchrungen und performative Formate machen die k\u00fcnstlerische Arbeit der Mitglieder sichtbar und er\u00f6ffnen R\u00e4ume f\u00fcr Begegnung, Austausch und gemeinsames Erleben.<\/p><\/div><\/div>\n<\/div>\n<\/div>\n\n\n\n<div class=\"wp-block-column is-layout-flow wp-block-column-is-layout-flow\">\n<div class=\"wp-block-uagb-container uagb-block-4c354b31\">\n<div class=\"wp-block-uagb-image uagb-block-97eefb4c wp-block-uagb-image--layout-default wp-block-uagb-image--effect-static wp-block-uagb-image--align-none\"><figure class=\"wp-block-uagb-image__figure\"><img loading=\"lazy\" decoding=\"async\" srcset=\"https:\/\/www.tanzraum-ries.de\/dance-praise\/wp-content\/uploads\/sites\/8\/2026\/02\/20190629_105911-1024x768.jpg ,https:\/\/www.tanzraum-ries.de\/dance-praise\/wp-content\/uploads\/sites\/8\/2026\/02\/20190629_105911-scaled.jpg 780w, https:\/\/www.tanzraum-ries.de\/dance-praise\/wp-content\/uploads\/sites\/8\/2026\/02\/20190629_105911-scaled.jpg 360w\" sizes=\"auto, (max-width: 480px) 150px\" src=\"https:\/\/www.tanzraum-ries.de\/dance-praise\/wp-content\/uploads\/sites\/8\/2026\/02\/20190629_105911-1024x768.jpg\" alt=\"\" class=\"uag-image-44\" width=\"500\" height=\"300\" title=\"20190629_105911\" loading=\"lazy\" role=\"img\"\/><\/figure><\/div>\n\n\n\n<div class=\"wp-block-uagb-info-box uagb-block-be67d1aa uagb-infobox__content-wrap  uagb-infobox-icon-above-title uagb-infobox-image-valign-top\"><div class=\"uagb-ifb-content\"><div class=\"uagb-ifb-title-wrap\"><span class=\"uagb-ifb-title-prefix\">03.<\/span><h2 class=\"uagb-ifb-title\"><strong>Dance&amp;Praise\u00ae Fortbildung<\/strong><\/h2><\/div><div class=\"uagb-ifb-separator\"><\/div><p class=\"uagb-ifb-desc\">Die berufsbegleitende Dance&amp;Praise\u00ae Fortbildung richtet sich an T\u00e4nzer:innen und P\u00e4dagog:innen, die Tanz und christlichen Glauben fundiert miteinander verbinden m\u00f6chten. Sie vermittelt vertiefte Kenntnisse in Tanztechnik, P\u00e4dagogik und theologischen Grundlagen und legt den Fokus auf eine eigenst\u00e4ndige, reflektierte Praxis. Der Abschluss erfolgt \u00fcber ein Kolloquium und f\u00fchrt zum Dance&amp;Praise\u00ae Zertifikat.<\/p><\/div><\/div>\n<\/div>\n<\/div>\n<\/div>\n<\/div>\n\n\n\n<div class=\"wp-block-columns is-style-default has-background is-layout-flex wp-container-core-columns-is-layout-61552176 wp-block-columns-is-layout-flex\" style=\"border-width:2px;border-top-left-radius:24px;border-top-right-radius:24px;border-bottom-left-radius:24px;border-bottom-right-radius:24px;background-color:#a9b8a6;margin-top:0;margin-bottom:0;padding-right:0;padding-left:0\">\n<div class=\"wp-block-column is-layout-flow wp-block-column-is-layout-flow\">\n<div class=\"wp-block-buttons is-content-justification-center is-layout-flex wp-container-core-buttons-is-layout-a89b3969 wp-block-buttons-is-layout-flex\">\n<div class=\"wp-block-button has-custom-width wp-block-button__width-50\"><a class=\"wp-block-button__link wp-element-button\" href=\"https:\/\/www.tanzraum-ries.de\/dance-praise\/angebote\/\">Alle Angebote ansehen<\/a><\/div>\n<\/div>\n<\/div>\n<\/div>\n\n\n\n<div class=\"wp-block-uagb-container uagb-layout-grid uagb-block-09a2dff8 alignfull uagb-is-root-container\"><div class=\"uagb-container-inner-blocks-wrap\">\n<div class=\"wp-block-uagb-container uagb-block-92559a39\">\n<div class=\"wp-block-uagb-image alignleft uagb-block-642acdb2 wp-block-uagb-image--layout-default wp-block-uagb-image--effect-static wp-block-uagb-image--align-left\"><figure class=\"wp-block-uagb-image__figure\"><img loading=\"lazy\" decoding=\"async\" srcset=\"https:\/\/www.tanzraum-ries.de\/dance-praise\/wp-content\/uploads\/sites\/8\/2026\/02\/Foto_Daniel-Gerber-Kopie-683x1024.jpg ,https:\/\/www.tanzraum-ries.de\/dance-praise\/wp-content\/uploads\/sites\/8\/2026\/02\/Foto_Daniel-Gerber-Kopie-rotated.jpg 780w, https:\/\/www.tanzraum-ries.de\/dance-praise\/wp-content\/uploads\/sites\/8\/2026\/02\/Foto_Daniel-Gerber-Kopie-rotated.jpg 360w\" sizes=\"auto, (max-width: 480px) 150px\" src=\"https:\/\/www.tanzraum-ries.de\/dance-praise\/wp-content\/uploads\/sites\/8\/2026\/02\/Foto_Daniel-Gerber-Kopie-683x1024.jpg\" alt=\"\" class=\"uag-image-378\" width=\"310\" height=\"500\" title=\"Foto_Daniel Gerber - Kopie\" loading=\"lazy\" role=\"img\"\/><\/figure><\/div>\n\n\n\n<div class=\"wp-block-uagb-image alignleft uagb-block-7a06ecd8 wp-block-uagb-image--layout-default wp-block-uagb-image--effect-static wp-block-uagb-image--align-left uag-hide-tab uag-hide-mob\"><figure class=\"wp-block-uagb-image__figure\"><img loading=\"lazy\" decoding=\"async\" srcset=\"https:\/\/www.tanzraum-ries.de\/dance-praise\/wp-content\/uploads\/sites\/8\/2026\/02\/20220423_195704-Kopie-576x1024.jpg ,https:\/\/www.tanzraum-ries.de\/dance-praise\/wp-content\/uploads\/sites\/8\/2026\/02\/20220423_195704-Kopie-rotated.jpg 780w, https:\/\/www.tanzraum-ries.de\/dance-praise\/wp-content\/uploads\/sites\/8\/2026\/02\/20220423_195704-Kopie-rotated.jpg 360w\" sizes=\"auto, (max-width: 480px) 150px\" src=\"https:\/\/www.tanzraum-ries.de\/dance-praise\/wp-content\/uploads\/sites\/8\/2026\/02\/20220423_195704-Kopie-576x1024.jpg\" alt=\"\" class=\"uag-image-377\" width=\"310\" height=\"500\" title=\"20220423_195704 - Kopie\" loading=\"lazy\" role=\"img\"\/><\/figure><\/div>\n<\/div>\n\n\n\n<div class=\"wp-block-uagb-info-box uagb-block-e63f10c9 uagb-infobox__content-wrap  uagb-infobox-icon-above-title uagb-infobox-image-valign-top\"><div class=\"uagb-ifb-content\"><div class=\"uagb-ifb-title-wrap\"><h2 class=\"uagb-ifb-title-prefix\">\u00dcber uns<\/h2><div class=\"uagb-ifb-separator\"><\/div><h3 class=\"uagb-ifb-title\"><strong>Eine Gemeinschaft, die Tanz und Glauben miteinander verwebt.<\/strong><\/h3><\/div><p class=\"uagb-ifb-desc\"><strong>Dance<\/strong> steht f\u00fcr die bewusste Arbeit mit dem K\u00f6rper durch moderne, zeitgen\u00f6ssische, urbane oder somatische Tanztechniken. Dabei werden K\u00f6rperbewusstsein, Raum- und Gruppenerfahrung sowie das Spiel mit Dynamik und Energie geschult.<br><br><strong>Praise<\/strong> meint, Geist und Seele in diese Bewegung einzubeziehen. Tanz wird zum Ort der Auseinandersetzung mit sich selbst und Glaubensinhalten \u2013 inspiriert von biblischen Impulsen, durch Gesten, K\u00f6rperhaltungen, improvisatorische Prozesse oder choreografische Formen.<br><br><strong>Dance&amp;Praise\u00ae<\/strong> l\u00e4dt dazu ein, K\u00f6rper, Geist und Seele gemeinsam in Bewegung zu bringen.<\/p><\/div><\/div>\n<\/div><\/div>\n\n\n\n<div class=\"wp-block-uagb-container uagb-block-5437e5fe alignfull uagb-is-root-container\"><div class=\"uagb-container-inner-blocks-wrap\">\n<div class=\"wp-block-uagb-advanced-heading uagb-block-7ae2d4dc\"><h2 class=\"uagb-heading-text\">Unser einzigartiges Ziel<\/h2><div class=\"uagb-separator\"><\/div><p class=\"uagb-desc-text\">Unser Ziel geht \u00fcber Tanzangebote hinaus \u2013 es beschreibt, wof\u00fcr Dance&amp;Praise<strong>\u00ae<\/strong> als Ganzes steht.<\/p><\/div>\n\n\n\n<div class=\"wp-block-uagb-container uagb-layout-grid uagb-block-33274078\">\n<div class=\"wp-block-uagb-advanced-heading uagb-block-8b6b4270\"><h3 class=\"uagb-heading-text\">01<\/h3><\/div>\n\n\n\n<div class=\"wp-block-uagb-advanced-heading uagb-block-5730315d\"><h3 class=\"uagb-heading-text\">Inspiration<\/h3><\/div>\n\n\n\n<div class=\"wp-block-uagb-advanced-heading uagb-block-204d1a8b\"><p class=\"uagb-heading-text\">Wir inspirieren Menschen, ihren Glauben durch Tanz und Bewegung neu zu entdecken.<\/p><\/div>\n<\/div>\n\n\n\n<div class=\"wp-block-uagb-container uagb-layout-grid uagb-block-4e102004\">\n<div class=\"wp-block-uagb-advanced-heading uagb-block-cdaed719\"><h3 class=\"uagb-heading-text\">02<\/h3><\/div>\n\n\n\n<div class=\"wp-block-uagb-advanced-heading uagb-block-cc12e72a\"><h3 class=\"uagb-heading-text\">Gemeinschaft<\/h3><\/div>\n\n\n\n<div class=\"wp-block-uagb-advanced-heading uagb-block-4906a36c\"><p class=\"uagb-heading-text\">Unser Netzwerk f\u00f6rdert Austausch, Verbindung und gegenseitige Unterst\u00fctzung zwischen Tanzp\u00e4dagog:innen, T\u00e4nzer:inen und Community Mitgliedern.<\/p><\/div>\n<\/div>\n\n\n\n<div class=\"wp-block-uagb-container uagb-layout-grid uagb-block-c6f9629e\">\n<div class=\"wp-block-uagb-advanced-heading uagb-block-926e7242\"><h3 class=\"uagb-heading-text\">03<\/h3><\/div>\n\n\n\n<div class=\"wp-block-uagb-advanced-heading uagb-block-853ff8a0\"><h3 class=\"uagb-heading-text\">Wachstum<\/h3><\/div>\n\n\n\n<div class=\"wp-block-uagb-advanced-heading uagb-block-770ca4df\"><p class=\"uagb-heading-text\">Dance&amp;Praise\u00ae begleitet pers\u00f6nliche, geistliche und k\u00fcnstlerische Entwicklung durch Bewegung und Tanz.<\/p><\/div>\n<\/div>\n<\/div><\/div>\n\n\n\n<div class=\"wp-block-uagb-container uagb-block-7366054a alignfull uagb-is-root-container\"><div class=\"uagb-container-inner-blocks-wrap\">\n<div class=\"wp-block-uagb-advanced-heading uagb-block-fc853672\"><h2 class=\"uagb-heading-text\">Unsere Haltung<\/h2><\/div>\n\n\n\n<div class=\"wp-block-uagb-blockquote uagb-block-0191db32 uagb-blockquote__skin-border uagb-blockquote__stack-img-none\"><blockquote class=\"uagb-blockquote\"><div class=\"uagb-blockquote__content\">&#8220;Dance&amp;Praise\u00ae ist christlich verwurzelt und versteht Glauben als lebendige, pers\u00f6nliche und dialogische Praxis. Das Netzwerk ist offen f\u00fcr Menschen mit unterschiedlichen Hintergr\u00fcnden und Zug\u00e4ngen und lebt von Respekt, Dialog und gegenseitiger Wertsch\u00e4tzung. Unterschiedliche k\u00fcnstlerische Arbeitsweisen, theologische Pr\u00e4gungen und pers\u00f6nliche Biografien verstehen wir als Bereicherung.<br><br>Entscheidend ist die Bereitschaft, Tanz als geistlichen und k\u00fcnstlerischen Erfahrungsraum zu gestalten \u2013 frei von dogmatischer Enge oder ideologischen Festlegungen.&#8221;<\/div><footer><div class=\"uagb-blockquote__author-wrap uagb-blockquote__author-at-left\"><cite class=\"uagb-blockquote__author\">Barbara J. Lins<\/cite><\/div><\/footer><\/blockquote><\/div>\n<\/div><\/div>\n\n\n\n<div class=\"wp-block-uagb-container uagb-layout-flex uagb-block-e06056a5 default uagb-is-root-container\">\n<div class=\"wp-block-uagb-advanced-heading uagb-block-a5d004a0\"><div class=\"uagb-separator\"><\/div><h2 class=\"uagb-heading-text\">Teil von Dance&amp;Praise\u00ae werden<\/h2><\/div>\n\n\n\n<div class=\"wp-block-uagb-buttons uagb-buttons__outer-wrap uagb-btn__default-btn uagb-btn-tablet__default-btn uagb-btn-mobile__default-btn uagb-block-1bbd60f4\"><div class=\"uagb-buttons__wrap uagb-buttons-layout-wrap \">\n<div class=\"wp-block-uagb-buttons-child uagb-buttons__outer-wrap uagb-block-b2e393f2 wp-block-button\"><div class=\"uagb-button__wrapper\"><a class=\"uagb-buttons-repeater wp-block-button__link\" aria-label=\"\" href=\"https:\/\/www.tanzraum-ries.de\/dance-praise\/mitmachen\/\" rel=\"follow noopener\" target=\"_self\" role=\"button\"><div class=\"uagb-button__link\">Mitmachen<\/div><\/a><\/div><\/div>\n<\/div><\/div>\n<\/div>\n","protected":false},"excerpt":{"rendered":"<p>Unsere Angebote Die Angebote von Dance&amp;Praise\u00ae entstehen aus dem Netzwerk und richten sich an unterschiedliche Kontexte. Unser einzigartiges Ziel Unser Ziel geht \u00fcber Tanzangebote hinaus \u2013 es beschreibt, wof\u00fcr Dance&amp;Praise\u00ae als Ganzes steht. 01 Inspiration Wir inspirieren Menschen, ihren Glauben durch Tanz und Bewegung neu zu entdecken. 02 Gemeinschaft Unser Netzwerk f\u00f6rdert Austausch, Verbindung und [&hellip;]<\/p>\n","protected":false},"author":1,"featured_media":0,"parent":0,"menu_order":0,"comment_status":"closed","ping_status":"closed","template":"","meta":{"_crdt_document":"","_uag_custom_page_level_css":"","footnotes":""},"class_list":["post-11","page","type-page","status-publish","hentry"],"yoast_head":"<!-- This site is optimized with the Yoast SEO plugin v25.7 - https:\/\/yoast.com\/wordpress\/plugins\/seo\/ -->\n<title>Home - dance_and_praise<\/title>\n<meta name=\"description\" content=\"Tanz verbindet K\u00f6rper, Geist und Glauben.Dance&amp;Praise\u00ae bringt Menschen zusammen, die Bewegung als Ausdruck des christlichen Glaubens leben.\" \/>\n<meta name=\"robots\" content=\"index, follow, max-snippet:-1, max-image-preview:large, max-video-preview:-1\" \/>\n<link rel=\"canonical\" href=\"https:\/\/www.tanzraum-ries.de\/dance-praise\/\" \/>\n<meta property=\"og:locale\" content=\"de_DE\" \/>\n<meta property=\"og:type\" content=\"article\" \/>\n<meta property=\"og:title\" content=\"Home - dance_and_praise\" \/>\n<meta property=\"og:description\" content=\"Tanz verbindet K\u00f6rper, Geist und Glauben.Dance&amp;Praise\u00ae bringt Menschen zusammen, die Bewegung als Ausdruck des christlichen Glaubens leben.\" \/>\n<meta property=\"og:url\" content=\"https:\/\/www.tanzraum-ries.de\/dance-praise\/\" \/>\n<meta property=\"og:site_name\" content=\"dance_and_praise\" \/>\n<meta property=\"article:modified_time\" content=\"2026-02-20T18:33:29+00:00\" \/>\n<meta property=\"og:image\" content=\"http:\/\/www.tanzraum-ries.de\/dance-praise\/wp-content\/uploads\/sites\/8\/2026\/02\/cantars15_0180-1024x683.jpg\" \/>\n<meta name=\"twitter:card\" content=\"summary_large_image\" \/>\n<meta name=\"twitter:label1\" content=\"Gesch\u00e4tzte Lesezeit\" \/>\n\t<meta name=\"twitter:data1\" content=\"4\u00a0Minuten\" \/>\n<script type=\"application\/ld+json\" class=\"yoast-schema-graph\">{\"@context\":\"https:\/\/schema.org\",\"@graph\":[{\"@type\":\"WebPage\",\"@id\":\"https:\/\/www.tanzraum-ries.de\/dance-praise\/\",\"url\":\"https:\/\/www.tanzraum-ries.de\/dance-praise\/\",\"name\":\"Home - dance_and_praise\",\"isPartOf\":{\"@id\":\"https:\/\/www.tanzraum-ries.de\/dance-praise\/#website\"},\"primaryImageOfPage\":{\"@id\":\"https:\/\/www.tanzraum-ries.de\/dance-praise\/#primaryimage\"},\"image\":{\"@id\":\"https:\/\/www.tanzraum-ries.de\/dance-praise\/#primaryimage\"},\"thumbnailUrl\":\"http:\/\/www.tanzraum-ries.de\/dance-praise\/wp-content\/uploads\/sites\/8\/2026\/02\/cantars15_0180-1024x683.jpg\",\"datePublished\":\"2026-02-01T15:33:45+00:00\",\"dateModified\":\"2026-02-20T18:33:29+00:00\",\"description\":\"Tanz verbindet K\u00f6rper, Geist und Glauben.Dance&Praise\u00ae bringt Menschen zusammen, die Bewegung als Ausdruck des christlichen Glaubens leben.\",\"breadcrumb\":{\"@id\":\"https:\/\/www.tanzraum-ries.de\/dance-praise\/#breadcrumb\"},\"inLanguage\":\"de\",\"potentialAction\":[{\"@type\":\"ReadAction\",\"target\":[\"https:\/\/www.tanzraum-ries.de\/dance-praise\/\"]}]},{\"@type\":\"ImageObject\",\"inLanguage\":\"de\",\"@id\":\"https:\/\/www.tanzraum-ries.de\/dance-praise\/#primaryimage\",\"url\":\"http:\/\/www.tanzraum-ries.de\/dance-praise\/wp-content\/uploads\/sites\/8\/2026\/02\/cantars15_0180-1024x683.jpg\",\"contentUrl\":\"http:\/\/www.tanzraum-ries.de\/dance-praise\/wp-content\/uploads\/sites\/8\/2026\/02\/cantars15_0180-1024x683.jpg\"},{\"@type\":\"BreadcrumbList\",\"@id\":\"https:\/\/www.tanzraum-ries.de\/dance-praise\/#breadcrumb\",\"itemListElement\":[{\"@type\":\"ListItem\",\"position\":1,\"name\":\"Startseite\",\"item\":\"https:\/\/www.tanzraum-ries.de\/dance-praise\/\"},{\"@type\":\"ListItem\",\"position\":2,\"name\":\"Home\"}]},{\"@type\":\"WebSite\",\"@id\":\"https:\/\/www.tanzraum-ries.de\/dance-praise\/#website\",\"url\":\"https:\/\/www.tanzraum-ries.de\/dance-praise\/\",\"name\":\"dance_and_praise\",\"description\":\"\",\"potentialAction\":[{\"@type\":\"SearchAction\",\"target\":{\"@type\":\"EntryPoint\",\"urlTemplate\":\"https:\/\/www.tanzraum-ries.de\/dance-praise\/?s={search_term_string}\"},\"query-input\":{\"@type\":\"PropertyValueSpecification\",\"valueRequired\":true,\"valueName\":\"search_term_string\"}}],\"inLanguage\":\"de\"}]}<\/script>\n<!-- \/ Yoast SEO plugin. -->","yoast_head_json":{"title":"Home - dance_and_praise","description":"Tanz verbindet K\u00f6rper, Geist und Glauben.Dance&Praise\u00ae bringt Menschen zusammen, die Bewegung als Ausdruck des christlichen Glaubens leben.","robots":{"index":"index","follow":"follow","max-snippet":"max-snippet:-1","max-image-preview":"max-image-preview:large","max-video-preview":"max-video-preview:-1"},"canonical":"https:\/\/www.tanzraum-ries.de\/dance-praise\/","og_locale":"de_DE","og_type":"article","og_title":"Home - dance_and_praise","og_description":"Tanz verbindet K\u00f6rper, Geist und Glauben.Dance&Praise\u00ae bringt Menschen zusammen, die Bewegung als Ausdruck des christlichen Glaubens leben.","og_url":"https:\/\/www.tanzraum-ries.de\/dance-praise\/","og_site_name":"dance_and_praise","article_modified_time":"2026-02-20T18:33:29+00:00","og_image":[{"url":"http:\/\/www.tanzraum-ries.de\/dance-praise\/wp-content\/uploads\/sites\/8\/2026\/02\/cantars15_0180-1024x683.jpg","type":"","width":"","height":""}],"twitter_card":"summary_large_image","twitter_misc":{"Gesch\u00e4tzte Lesezeit":"4\u00a0Minuten"},"schema":{"@context":"https:\/\/schema.org","@graph":[{"@type":"WebPage","@id":"https:\/\/www.tanzraum-ries.de\/dance-praise\/","url":"https:\/\/www.tanzraum-ries.de\/dance-praise\/","name":"Home - dance_and_praise","isPartOf":{"@id":"https:\/\/www.tanzraum-ries.de\/dance-praise\/#website"},"primaryImageOfPage":{"@id":"https:\/\/www.tanzraum-ries.de\/dance-praise\/#primaryimage"},"image":{"@id":"https:\/\/www.tanzraum-ries.de\/dance-praise\/#primaryimage"},"thumbnailUrl":"http:\/\/www.tanzraum-ries.de\/dance-praise\/wp-content\/uploads\/sites\/8\/2026\/02\/cantars15_0180-1024x683.jpg","datePublished":"2026-02-01T15:33:45+00:00","dateModified":"2026-02-20T18:33:29+00:00","description":"Tanz verbindet K\u00f6rper, Geist und Glauben.Dance&Praise\u00ae bringt Menschen zusammen, die Bewegung als Ausdruck des christlichen Glaubens leben.","breadcrumb":{"@id":"https:\/\/www.tanzraum-ries.de\/dance-praise\/#breadcrumb"},"inLanguage":"de","potentialAction":[{"@type":"ReadAction","target":["https:\/\/www.tanzraum-ries.de\/dance-praise\/"]}]},{"@type":"ImageObject","inLanguage":"de","@id":"https:\/\/www.tanzraum-ries.de\/dance-praise\/#primaryimage","url":"http:\/\/www.tanzraum-ries.de\/dance-praise\/wp-content\/uploads\/sites\/8\/2026\/02\/cantars15_0180-1024x683.jpg","contentUrl":"http:\/\/www.tanzraum-ries.de\/dance-praise\/wp-content\/uploads\/sites\/8\/2026\/02\/cantars15_0180-1024x683.jpg"},{"@type":"BreadcrumbList","@id":"https:\/\/www.tanzraum-ries.de\/dance-praise\/#breadcrumb","itemListElement":[{"@type":"ListItem","position":1,"name":"Startseite","item":"https:\/\/www.tanzraum-ries.de\/dance-praise\/"},{"@type":"ListItem","position":2,"name":"Home"}]},{"@type":"WebSite","@id":"https:\/\/www.tanzraum-ries.de\/dance-praise\/#website","url":"https:\/\/www.tanzraum-ries.de\/dance-praise\/","name":"dance_and_praise","description":"","potentialAction":[{"@type":"SearchAction","target":{"@type":"EntryPoint","urlTemplate":"https:\/\/www.tanzraum-ries.de\/dance-praise\/?s={search_term_string}"},"query-input":{"@type":"PropertyValueSpecification","valueRequired":true,"valueName":"search_term_string"}}],"inLanguage":"de"}]}},"uagb_featured_image_src":{"full":false,"thumbnail":false,"medium":false,"medium_large":false,"large":false,"1536x1536":false,"2048x2048":false},"uagb_author_info":{"display_name":"admin1","author_link":"https:\/\/www.tanzraum-ries.de\/dance-praise\/author\/admin1\/"},"uagb_comment_info":0,"uagb_excerpt":"Unsere Angebote Die Angebote von Dance&amp;Praise\u00ae entstehen aus dem Netzwerk und richten sich an unterschiedliche Kontexte. Unser einzigartiges Ziel Unser Ziel geht \u00fcber Tanzangebote hinaus \u2013 es beschreibt, wof\u00fcr Dance&amp;Praise\u00ae als Ganzes steht. 01 Inspiration Wir inspirieren Menschen, ihren Glauben durch Tanz und Bewegung neu zu entdecken. 02 Gemeinschaft Unser Netzwerk f\u00f6rdert Austausch, Verbindung und&hellip;","_links":{"self":[{"href":"https:\/\/www.tanzraum-ries.de\/dance-praise\/wp-json\/wp\/v2\/pages\/11","targetHints":{"allow":["GET"]}}],"collection":[{"href":"https:\/\/www.tanzraum-ries.de\/dance-praise\/wp-json\/wp\/v2\/pages"}],"about":[{"href":"https:\/\/www.tanzraum-ries.de\/dance-praise\/wp-json\/wp\/v2\/types\/page"}],"author":[{"embeddable":true,"href":"https:\/\/www.tanzraum-ries.de\/dance-praise\/wp-json\/wp\/v2\/users\/1"}],"replies":[{"embeddable":true,"href":"https:\/\/www.tanzraum-ries.de\/dance-praise\/wp-json\/wp\/v2\/comments?post=11"}],"version-history":[{"count":29,"href":"https:\/\/www.tanzraum-ries.de\/dance-praise\/wp-json\/wp\/v2\/pages\/11\/revisions"}],"predecessor-version":[{"id":379,"href":"https:\/\/www.tanzraum-ries.de\/dance-praise\/wp-json\/wp\/v2\/pages\/11\/revisions\/379"}],"wp:attachment":[{"href":"https:\/\/www.tanzraum-ries.de\/dance-praise\/wp-json\/wp\/v2\/media?parent=11"}],"curies":[{"name":"wp","href":"https:\/\/api.w.org\/{rel}","templated":true}]}}