{"id":14,"date":"2026-02-01T16:35:07","date_gmt":"2026-02-01T15:35:07","guid":{"rendered":"https:\/\/www.tanzraum-ries.de\/dance-praise\/?page_id=14"},"modified":"2026-02-20T19:40:45","modified_gmt":"2026-02-20T18:40:45","slug":"netzwerk","status":"publish","type":"page","link":"https:\/\/www.tanzraum-ries.de\/dance-praise\/netzwerk\/","title":{"rendered":"Netzwerk"},"content":{"rendered":"\n<div class=\"wp-block-uagb-container uagb-block-b6c6af1c alignfull uagb-is-root-container\"><div class=\"uagb-container-inner-blocks-wrap\">\n<div class=\"wp-block-uagb-advanced-heading uagb-block-323b3e55\"><div class=\"uagb-separator\"><\/div><h1 class=\"uagb-heading-text\">Bewege deinen Glauben<\/h1><p class=\"uagb-desc-text\">Ein Raum f\u00fcr Begegnung, Austausch und gemeinsames Wachsen durch Tanz und Glauben.<\/p><\/div>\n<\/div><\/div>\n\n\n\n<div class=\"wp-block-uagb-container uagb-block-466b351f alignfull uagb-is-root-container\"><div class=\"uagb-container-inner-blocks-wrap\">\n<div class=\"wp-block-uagb-advanced-heading uagb-block-a5d004a0\"><h2 class=\"uagb-heading-text\">M\u00f6glichkeiten der Mitwirkung<\/h2><div class=\"uagb-separator\"><\/div><\/div>\n\n\n\n<div class=\"wp-block-uagb-container uagb-block-e6163eaa\">\n<div class=\"wp-block-uagb-info-box uagb-block-5e42581f uagb-infobox__content-wrap  uagb-infobox-icon-above-title uagb-infobox-image-valign-top\"><div class=\"uagb-ifb-content\"><div class=\"uagb-ifb-title-wrap\"><span class=\"uagb-ifb-title-prefix\">01<\/span><h3 class=\"uagb-ifb-title\">Anmelden<\/h3><\/div><p class=\"uagb-ifb-desc\">Besuche unsere Webseite: Registriere Dich unter &gt;Mitmachen&lt;, um so Teil der Dance&amp;Praise\u00ae-Gemeinschaft zu werden.<\/p><\/div><\/div>\n\n\n\n<div class=\"wp-block-uagb-info-box uagb-block-ecab534c uagb-infobox__content-wrap  uagb-infobox-icon-above-title uagb-infobox-image-valign-top\"><div class=\"uagb-ifb-content\"><div class=\"uagb-ifb-title-wrap\"><span class=\"uagb-ifb-title-prefix\">02<\/span><h3 class=\"uagb-ifb-title\">Entdecken<\/h3><\/div><p class=\"uagb-ifb-desc\">Durchst\u00f6ber die Angebote der Mitglieder oder verbinden Dich im Netzwerk. Finde etwas, das Deine Leidenschaft weckt.<\/p><\/div><\/div>\n\n\n\n<div class=\"wp-block-uagb-info-box uagb-block-68e4a679 uagb-infobox__content-wrap  uagb-infobox-icon-above-title uagb-infobox-image-valign-top\"><div class=\"uagb-ifb-content\"><div class=\"uagb-ifb-title-wrap\"><span class=\"uagb-ifb-title-prefix\">03<\/span><h3 class=\"uagb-ifb-title\">Erstellen<\/h3><\/div><p class=\"uagb-ifb-desc\">Eigene Veranstaltungen kannst Du unkompliziert unter &gt;Angebote&lt; einreichen. Diese werden vorab gepr\u00fcft. Wir freuen uns auf Beitr\u00e4ge.<\/p><\/div><\/div>\n<\/div>\n<\/div><\/div>\n\n\n\n<div class=\"wp-block-uagb-container uagb-layout-grid uagb-block-09a2dff8 alignfull uagb-is-root-container\"><div class=\"uagb-container-inner-blocks-wrap\">\n<div class=\"wp-block-uagb-container uagb-block-92559a39\">\n<div class=\"wp-block-uagb-image uagb-block-642acdb2 wp-block-uagb-image--layout-default wp-block-uagb-image--effect-static wp-block-uagb-image--align-none uag-hide-tab uag-hide-mob\"><figure class=\"wp-block-uagb-image__figure\"><img loading=\"lazy\" decoding=\"async\" srcset=\"https:\/\/www.tanzraum-ries.de\/dance-praise\/wp-content\/uploads\/sites\/8\/2026\/02\/verbnden.jpg ,https:\/\/www.tanzraum-ries.de\/dance-praise\/wp-content\/uploads\/sites\/8\/2026\/02\/verbnden.jpg 780w, https:\/\/www.tanzraum-ries.de\/dance-praise\/wp-content\/uploads\/sites\/8\/2026\/02\/verbnden.jpg 360w\" sizes=\"auto, (max-width: 480px) 150px\" src=\"https:\/\/www.tanzraum-ries.de\/dance-praise\/wp-content\/uploads\/sites\/8\/2026\/02\/verbnden.jpg\" alt=\"\" class=\"uag-image-267\" width=\"310\" height=\"500\" title=\"verbnden\" loading=\"lazy\" role=\"img\"\/><\/figure><\/div>\n\n\n\n<div class=\"wp-block-uagb-image uagb-block-7a06ecd8 wp-block-uagb-image--layout-default wp-block-uagb-image--effect-static wp-block-uagb-image--align-none\"><figure class=\"wp-block-uagb-image__figure\"><img loading=\"lazy\" decoding=\"async\" srcset=\"https:\/\/www.tanzraum-ries.de\/dance-praise\/wp-content\/uploads\/sites\/8\/2026\/02\/01-HK230917382-Kopie-1024x683.jpg ,http:\/\/www.tanzraum-ries.de\/dance-praise\/wp-content\/uploads\/sites\/8\/2026\/02\/01-HK230917382-Kopie.jpg 780w, http:\/\/www.tanzraum-ries.de\/dance-praise\/wp-content\/uploads\/sites\/8\/2026\/02\/01-HK230917382-Kopie.jpg 360w\" sizes=\"auto, (max-width: 480px) 150px\" src=\"https:\/\/www.tanzraum-ries.de\/dance-praise\/wp-content\/uploads\/sites\/8\/2026\/02\/01-HK230917382-Kopie-1024x683.jpg\" alt=\"\" class=\"uag-image-380\" width=\"310\" height=\"500\" title=\"01-HK230917382 - Kopie\" loading=\"lazy\" role=\"img\"\/><\/figure><\/div>\n<\/div>\n\n\n\n<div class=\"wp-block-uagb-info-box uagb-block-2f2beea1 uagb-infobox__content-wrap  uagb-infobox-icon-above-title uagb-infobox-image-valign-top\"><div class=\"uagb-ifb-content\"><div class=\"uagb-ifb-title-wrap\"><h2 class=\"uagb-ifb-title-prefix\">Warum ein Netzwerk?<\/h2><div class=\"uagb-ifb-separator\"><\/div><p class=\"uagb-ifb-title\">\ud83d\udd4a Austausch auf Augenh\u00f6he<br><br>\ud83d\udd4a Pers\u00f6nliches &amp; k\u00fcnstlerisches Wachstum<br><br>\ud83d\udd4a Sichtbarkeit f\u00fcr eigene Projekte<br><br>\ud83d\udd4a Lernen voneinander<br><br>\ud83d\udd4a Verbindung von K\u00f6rper, Geist und Glauben erm\u00f6glichen.<br><br><\/p><\/div><p class=\"uagb-ifb-desc\">Wir bieten eine Plattform, die Mitglieder verbindet und ihre kreativen Angebote anerkennt und f\u00f6rdert, wodurch eine lebendige Gemeinschaft entsteht.<\/p><\/div><\/div>\n<\/div><\/div>\n\n\n\n<div class=\"wp-block-uagb-container uagb-layout-grid uagb-block-808eb0c8 alignfull uagb-is-root-container\"><div class=\"uagb-container-inner-blocks-wrap\">\n<div class=\"wp-block-uagb-advanced-heading uagb-block-16dab0a3\"><div class=\"uagb-separator\"><\/div><h2 class=\"uagb-heading-text\">Die Geschichte von Dance&amp;Praise\u00ae<\/h2><\/div>\n\n\n\n<div class=\"wp-block-columns is-layout-flex wp-container-core-columns-is-layout-ec2e7a44 wp-block-columns-is-layout-flex\" style=\"padding-top:0;padding-bottom:0\">\n<div class=\"wp-block-column is-layout-flow wp-block-column-is-layout-flow\" style=\"flex-basis:100%\">\n<div class=\"wp-block-uagb-container uagb-block-5ebf0f0b\">\n<div class=\"wp-block-uagb-advanced-heading uagb-block-738d5bbf\"><p class=\"uagb-heading-text\">Die Gr\u00fcndung von Dance&amp;Praise\u00ae begann mit einer Vision, Tanz als Ausdruck des Glaubens zu nutzen und eine Gemeinschaft von Gleichgesinnten zu schaffen, die diese Leidenschaft teilt.<\/p><div class=\"uagb-separator\"><\/div><\/div>\n\n\n\n<div class=\"wp-block-group has-global-padding is-layout-constrained wp-block-group-is-layout-constrained\">\n<div class=\"wp-block-uagb-container uagb-layout-grid uagb-block-269e0cd4\">\n<div class=\"wp-block-uagb-advanced-heading uagb-block-cb3ed0f0\"><h3 class=\"uagb-heading-text\"><strong>1996 \u00b7 Ursprung &amp; Vision<\/strong><\/h3><div class=\"uagb-separator\"><\/div><p class=\"uagb-desc-text\"><a href=\"https:\/\/bjlins.de\/\">Barbara J. Lins<\/a> entwickelt <strong>Dance&amp;Praise\u00ae<\/strong> aus der bewussten Verbindung ihrer professionellen Tanzarbeit mit dem christlichen Glauben. Erste Kurse, Seminare, ab 2001 <a href=\"https:\/\/www.tanzraum-ries.de\/blog\/\">Sommertanzwochen<\/a> (STW) sowie die Laien-Tanzgruppe <em>Exodus<\/em> entstehen.<\/p><\/div>\n\n\n\n<div class=\"wp-block-uagb-advanced-heading uagb-block-2f3e1b82\"><h3 class=\"uagb-heading-text\"><strong>2002\u20132022 \u00b7 Ausbildung &amp; Vertiefung<\/strong><\/h3><div class=\"uagb-separator\"><\/div><p class=\"uagb-desc-text\">In dieser Zeit werden sieben berufsbegleitende, zertifizierende Fortbildungen in zeitgen\u00f6ssischer Tanzp\u00e4dagogik und christlichem Glauben durchgef\u00fchrt. Die Ausbildung ist zun\u00e4chst dreij\u00e4hrig, ab 2014 zweij\u00e4hrig ausgerichtet.<\/p><\/div>\n\n\n\n<div class=\"wp-block-uagb-advanced-heading uagb-block-5f525fa0\"><h3 class=\"uagb-heading-text\"><strong>2004\u20132010 \u00b7 Marke &amp; Netzwerk<\/strong><\/h3><div class=\"uagb-separator\"><\/div><p class=\"uagb-desc-text\">Dance&amp;Praise\u00ae wird als Wortmarke eingetragen. Parallel entsteht ein wachsendes Netzwerk von Tanzp\u00e4dagog:innen. Ab 2010 entwickelt sich die Website zur offiziellen Netzwerkplattform, auf der zertifizierte Dance&amp;Praise\u00ae-Tanzp\u00e4dagog:innen ihre Arbeit und Angebote ver\u00f6ffentlichen. Regelm\u00e4\u00dfige Netzwerktreffen begleiten diesen Prozess.<\/p><\/div>\n\n\n\n<div class=\"wp-block-uagb-advanced-heading uagb-block-82ca8334\"><h3 class=\"uagb-heading-text\"><strong><strong><strong>2010\u20132020 \u00b7 Kontinuit\u00e4t &amp; k\u00fcnstlerische Erweiterung<\/strong><\/strong><\/strong><\/h3><div class=\"uagb-separator\"><\/div><p class=\"uagb-desc-text\">Netzwerkmitglieder pr\u00e4gen die Arbeit von Dance&amp;Praise\u00ae durch regelm\u00e4\u00dfige Sommertanzwochen, Workshops, Tanztage und weitere eigenst\u00e4ndige Angebote. Mit der Gr\u00fcndung der <strong><a href=\"https:\/\/bjlins.de\/kunstschaffen\/dance-company-tipping-point\/\">TippingPoint Company<\/a><\/strong> (2010) und anderen Auff\u00fchrungsprojekten erweitert sich Dance&amp;Praise\u00ae um eine professionelle k\u00fcnstlerische Ebene.<\/p><\/div>\n\n\n\n<div class=\"wp-block-uagb-advanced-heading uagb-block-eac0685f\"><h3 class=\"uagb-heading-text\"><strong><strong>2020\u20132026 \u00b7 Wandel, Pause &amp; Neubeginn<\/strong><\/strong><\/h3><div class=\"uagb-separator\"><\/div><p class=\"uagb-desc-text\"><br>W\u00e4hrend der Pandemie entstehen digitale Formate und Online-Angebote. Ab 2023 kehren physische Netzwerktreffen und Seminare zur\u00fcck. 2026 folgen die Wiederaufnahme der Sommertanzwoche und die Neugestaltung der Website mit einer erneuerten \u00d6ffnung des Netzwerkformats. Eine inhaltliche \u00dcberarbeitung des Fortbildungskonzepts f\u00fcr 2028 ist vorgesehen.<\/p><\/div>\n<\/div>\n<\/div>\n<\/div>\n<\/div>\n<\/div>\n<\/div><\/div>\n\n\n\n<div class=\"wp-block-uagb-container uagb-layout-flex uagb-block-e06056a5 default uagb-is-root-container\">\n<div class=\"wp-block-uagb-advanced-heading uagb-block-e5ffd5c4\"><div class=\"uagb-separator\"><\/div><h2 class=\"uagb-heading-text\">Teil von Dance&amp;Praise\u00ae werden<\/h2><\/div>\n\n\n\n<div class=\"wp-block-uagb-buttons uagb-buttons__outer-wrap uagb-btn__default-btn uagb-btn-tablet__default-btn uagb-btn-mobile__default-btn uagb-block-1bbd60f4\"><div class=\"uagb-buttons__wrap uagb-buttons-layout-wrap \">\n<div class=\"wp-block-uagb-buttons-child uagb-buttons__outer-wrap uagb-block-b2e393f2 wp-block-button\"><div class=\"uagb-button__wrapper\"><a class=\"uagb-buttons-repeater wp-block-button__link\" aria-label=\"\" href=\"https:\/\/www.tanzraum-ries.de\/dance-praise\/mitmachen\/\" rel=\"follow noopener\" target=\"_self\" role=\"button\"><div class=\"uagb-button__link\">Mitmachen<\/div><\/a><\/div><\/div>\n<\/div><\/div>\n<\/div>\n","protected":false},"excerpt":{"rendered":"<p>Bewege deinen Glauben Ein Raum f\u00fcr Begegnung, Austausch und gemeinsames Wachsen durch Tanz und Glauben. M\u00f6glichkeiten der Mitwirkung Die Geschichte von Dance&amp;Praise\u00ae Die Gr\u00fcndung von Dance&amp;Praise\u00ae begann mit einer Vision, Tanz als Ausdruck des Glaubens zu nutzen und eine Gemeinschaft von Gleichgesinnten zu schaffen, die diese Leidenschaft teilt. 1996 \u00b7 Ursprung &amp; Vision Barbara J. [&hellip;]<\/p>\n","protected":false},"author":1,"featured_media":0,"parent":0,"menu_order":0,"comment_status":"closed","ping_status":"closed","template":"","meta":{"_crdt_document":"","_uag_custom_page_level_css":"","footnotes":""},"class_list":["post-14","page","type-page","status-publish","hentry"],"yoast_head":"<!-- This site is optimized with the Yoast SEO plugin v25.7 - https:\/\/yoast.com\/wordpress\/plugins\/seo\/ -->\n<title>Netzwerk - dance_and_praise<\/title>\n<meta name=\"description\" content=\"Bewege deinen GlaubenEin Raum f\u00fcr Begegnung, Austausch und gemeinsames Wachsen durch Tanz und Glauben.\" \/>\n<meta name=\"robots\" content=\"index, follow, max-snippet:-1, max-image-preview:large, max-video-preview:-1\" \/>\n<link rel=\"canonical\" href=\"https:\/\/www.tanzraum-ries.de\/dance-praise\/netzwerk\/\" \/>\n<meta property=\"og:locale\" content=\"de_DE\" \/>\n<meta property=\"og:type\" content=\"article\" \/>\n<meta property=\"og:title\" content=\"Netzwerk - dance_and_praise\" \/>\n<meta property=\"og:description\" content=\"Bewege deinen GlaubenEin Raum f\u00fcr Begegnung, Austausch und gemeinsames Wachsen durch Tanz und Glauben.\" \/>\n<meta property=\"og:url\" content=\"https:\/\/www.tanzraum-ries.de\/dance-praise\/netzwerk\/\" \/>\n<meta property=\"og:site_name\" content=\"dance_and_praise\" \/>\n<meta property=\"article:modified_time\" content=\"2026-02-20T18:40:45+00:00\" \/>\n<meta property=\"og:image\" content=\"http:\/\/www.tanzraum-ries.de\/dance-praise\/wp-content\/uploads\/sites\/8\/2026\/02\/verbnden.jpg\" \/>\n<meta name=\"twitter:card\" content=\"summary_large_image\" \/>\n<meta name=\"twitter:label1\" content=\"Gesch\u00e4tzte Lesezeit\" \/>\n\t<meta name=\"twitter:data1\" content=\"3\u00a0Minuten\" \/>\n<script type=\"application\/ld+json\" class=\"yoast-schema-graph\">{\"@context\":\"https:\/\/schema.org\",\"@graph\":[{\"@type\":\"WebPage\",\"@id\":\"https:\/\/www.tanzraum-ries.de\/dance-praise\/netzwerk\/\",\"url\":\"https:\/\/www.tanzraum-ries.de\/dance-praise\/netzwerk\/\",\"name\":\"Netzwerk - dance_and_praise\",\"isPartOf\":{\"@id\":\"https:\/\/www.tanzraum-ries.de\/dance-praise\/#website\"},\"primaryImageOfPage\":{\"@id\":\"https:\/\/www.tanzraum-ries.de\/dance-praise\/netzwerk\/#primaryimage\"},\"image\":{\"@id\":\"https:\/\/www.tanzraum-ries.de\/dance-praise\/netzwerk\/#primaryimage\"},\"thumbnailUrl\":\"http:\/\/www.tanzraum-ries.de\/dance-praise\/wp-content\/uploads\/sites\/8\/2026\/02\/verbnden.jpg\",\"datePublished\":\"2026-02-01T15:35:07+00:00\",\"dateModified\":\"2026-02-20T18:40:45+00:00\",\"description\":\"Bewege deinen GlaubenEin Raum f\u00fcr Begegnung, Austausch und gemeinsames Wachsen durch Tanz und Glauben.\",\"breadcrumb\":{\"@id\":\"https:\/\/www.tanzraum-ries.de\/dance-praise\/netzwerk\/#breadcrumb\"},\"inLanguage\":\"de\",\"potentialAction\":[{\"@type\":\"ReadAction\",\"target\":[\"https:\/\/www.tanzraum-ries.de\/dance-praise\/netzwerk\/\"]}]},{\"@type\":\"ImageObject\",\"inLanguage\":\"de\",\"@id\":\"https:\/\/www.tanzraum-ries.de\/dance-praise\/netzwerk\/#primaryimage\",\"url\":\"http:\/\/www.tanzraum-ries.de\/dance-praise\/wp-content\/uploads\/sites\/8\/2026\/02\/verbnden.jpg\",\"contentUrl\":\"http:\/\/www.tanzraum-ries.de\/dance-praise\/wp-content\/uploads\/sites\/8\/2026\/02\/verbnden.jpg\"},{\"@type\":\"BreadcrumbList\",\"@id\":\"https:\/\/www.tanzraum-ries.de\/dance-praise\/netzwerk\/#breadcrumb\",\"itemListElement\":[{\"@type\":\"ListItem\",\"position\":1,\"name\":\"Startseite\",\"item\":\"https:\/\/www.tanzraum-ries.de\/dance-praise\/\"},{\"@type\":\"ListItem\",\"position\":2,\"name\":\"Netzwerk\"}]},{\"@type\":\"WebSite\",\"@id\":\"https:\/\/www.tanzraum-ries.de\/dance-praise\/#website\",\"url\":\"https:\/\/www.tanzraum-ries.de\/dance-praise\/\",\"name\":\"dance_and_praise\",\"description\":\"\",\"potentialAction\":[{\"@type\":\"SearchAction\",\"target\":{\"@type\":\"EntryPoint\",\"urlTemplate\":\"https:\/\/www.tanzraum-ries.de\/dance-praise\/?s={search_term_string}\"},\"query-input\":{\"@type\":\"PropertyValueSpecification\",\"valueRequired\":true,\"valueName\":\"search_term_string\"}}],\"inLanguage\":\"de\"}]}<\/script>\n<!-- \/ Yoast SEO plugin. -->","yoast_head_json":{"title":"Netzwerk - dance_and_praise","description":"Bewege deinen GlaubenEin Raum f\u00fcr Begegnung, Austausch und gemeinsames Wachsen durch Tanz und Glauben.","robots":{"index":"index","follow":"follow","max-snippet":"max-snippet:-1","max-image-preview":"max-image-preview:large","max-video-preview":"max-video-preview:-1"},"canonical":"https:\/\/www.tanzraum-ries.de\/dance-praise\/netzwerk\/","og_locale":"de_DE","og_type":"article","og_title":"Netzwerk - dance_and_praise","og_description":"Bewege deinen GlaubenEin Raum f\u00fcr Begegnung, Austausch und gemeinsames Wachsen durch Tanz und Glauben.","og_url":"https:\/\/www.tanzraum-ries.de\/dance-praise\/netzwerk\/","og_site_name":"dance_and_praise","article_modified_time":"2026-02-20T18:40:45+00:00","og_image":[{"url":"http:\/\/www.tanzraum-ries.de\/dance-praise\/wp-content\/uploads\/sites\/8\/2026\/02\/verbnden.jpg","type":"","width":"","height":""}],"twitter_card":"summary_large_image","twitter_misc":{"Gesch\u00e4tzte Lesezeit":"3\u00a0Minuten"},"schema":{"@context":"https:\/\/schema.org","@graph":[{"@type":"WebPage","@id":"https:\/\/www.tanzraum-ries.de\/dance-praise\/netzwerk\/","url":"https:\/\/www.tanzraum-ries.de\/dance-praise\/netzwerk\/","name":"Netzwerk - dance_and_praise","isPartOf":{"@id":"https:\/\/www.tanzraum-ries.de\/dance-praise\/#website"},"primaryImageOfPage":{"@id":"https:\/\/www.tanzraum-ries.de\/dance-praise\/netzwerk\/#primaryimage"},"image":{"@id":"https:\/\/www.tanzraum-ries.de\/dance-praise\/netzwerk\/#primaryimage"},"thumbnailUrl":"http:\/\/www.tanzraum-ries.de\/dance-praise\/wp-content\/uploads\/sites\/8\/2026\/02\/verbnden.jpg","datePublished":"2026-02-01T15:35:07+00:00","dateModified":"2026-02-20T18:40:45+00:00","description":"Bewege deinen GlaubenEin Raum f\u00fcr Begegnung, Austausch und gemeinsames Wachsen durch Tanz und Glauben.","breadcrumb":{"@id":"https:\/\/www.tanzraum-ries.de\/dance-praise\/netzwerk\/#breadcrumb"},"inLanguage":"de","potentialAction":[{"@type":"ReadAction","target":["https:\/\/www.tanzraum-ries.de\/dance-praise\/netzwerk\/"]}]},{"@type":"ImageObject","inLanguage":"de","@id":"https:\/\/www.tanzraum-ries.de\/dance-praise\/netzwerk\/#primaryimage","url":"http:\/\/www.tanzraum-ries.de\/dance-praise\/wp-content\/uploads\/sites\/8\/2026\/02\/verbnden.jpg","contentUrl":"http:\/\/www.tanzraum-ries.de\/dance-praise\/wp-content\/uploads\/sites\/8\/2026\/02\/verbnden.jpg"},{"@type":"BreadcrumbList","@id":"https:\/\/www.tanzraum-ries.de\/dance-praise\/netzwerk\/#breadcrumb","itemListElement":[{"@type":"ListItem","position":1,"name":"Startseite","item":"https:\/\/www.tanzraum-ries.de\/dance-praise\/"},{"@type":"ListItem","position":2,"name":"Netzwerk"}]},{"@type":"WebSite","@id":"https:\/\/www.tanzraum-ries.de\/dance-praise\/#website","url":"https:\/\/www.tanzraum-ries.de\/dance-praise\/","name":"dance_and_praise","description":"","potentialAction":[{"@type":"SearchAction","target":{"@type":"EntryPoint","urlTemplate":"https:\/\/www.tanzraum-ries.de\/dance-praise\/?s={search_term_string}"},"query-input":{"@type":"PropertyValueSpecification","valueRequired":true,"valueName":"search_term_string"}}],"inLanguage":"de"}]}},"uagb_featured_image_src":{"full":false,"thumbnail":false,"medium":false,"medium_large":false,"large":false,"1536x1536":false,"2048x2048":false},"uagb_author_info":{"display_name":"admin1","author_link":"https:\/\/www.tanzraum-ries.de\/dance-praise\/author\/admin1\/"},"uagb_comment_info":0,"uagb_excerpt":"Bewege deinen Glauben Ein Raum f\u00fcr Begegnung, Austausch und gemeinsames Wachsen durch Tanz und Glauben. M\u00f6glichkeiten der Mitwirkung Die Geschichte von Dance&amp;Praise\u00ae Die Gr\u00fcndung von Dance&amp;Praise\u00ae begann mit einer Vision, Tanz als Ausdruck des Glaubens zu nutzen und eine Gemeinschaft von Gleichgesinnten zu schaffen, die diese Leidenschaft teilt. 1996 \u00b7 Ursprung &amp; Vision Barbara J.&hellip;","_links":{"self":[{"href":"https:\/\/www.tanzraum-ries.de\/dance-praise\/wp-json\/wp\/v2\/pages\/14","targetHints":{"allow":["GET"]}}],"collection":[{"href":"https:\/\/www.tanzraum-ries.de\/dance-praise\/wp-json\/wp\/v2\/pages"}],"about":[{"href":"https:\/\/www.tanzraum-ries.de\/dance-praise\/wp-json\/wp\/v2\/types\/page"}],"author":[{"embeddable":true,"href":"https:\/\/www.tanzraum-ries.de\/dance-praise\/wp-json\/wp\/v2\/users\/1"}],"replies":[{"embeddable":true,"href":"https:\/\/www.tanzraum-ries.de\/dance-praise\/wp-json\/wp\/v2\/comments?post=14"}],"version-history":[{"count":18,"href":"https:\/\/www.tanzraum-ries.de\/dance-praise\/wp-json\/wp\/v2\/pages\/14\/revisions"}],"predecessor-version":[{"id":382,"href":"https:\/\/www.tanzraum-ries.de\/dance-praise\/wp-json\/wp\/v2\/pages\/14\/revisions\/382"}],"wp:attachment":[{"href":"https:\/\/www.tanzraum-ries.de\/dance-praise\/wp-json\/wp\/v2\/media?parent=14"}],"curies":[{"name":"wp","href":"https:\/\/api.w.org\/{rel}","templated":true}]}}