{"id":105,"date":"2015-08-06T15:52:20","date_gmt":"2015-08-06T15:52:20","guid":{"rendered":"http:\/\/www.tanzraum-ries.de\/?page_id=105"},"modified":"2018-03-13T08:33:32","modified_gmt":"2018-03-13T08:33:32","slug":"unsere-studios","status":"publish","type":"page","link":"https:\/\/www.tanzraum-ries.de\/legacy\/unsere-studios\/","title":{"rendered":"Unser Studio"},"content":{"rendered":"<h3>Unser Studio<\/h3>\n<p>Unser Studio ist 120 qm gro\u00df, hell, mit Schwingboden, Spiegelw\u00e4nden, Ballettstangen, Umkleiden und Parkpl\u00e4tzen in gen\u00fcgender Zahl.<\/p>\n<p><img fetchpriority=\"high\" decoding=\"async\" class=\"alignright wp-image-50 size-medium\" src=\"http:\/\/www.tanzraum-ries.de\/wp-content\/uploads\/2015\/07\/TR_N\u00f6-Medium-300x225.jpg\" alt=\"\" width=\"300\" height=\"225\" srcset=\"https:\/\/www.tanzraum-ries.de\/legacy\/wp-content\/uploads\/sites\/1\/2015\/07\/TR_N\u00f6-Medium-300x225.jpg 300w, https:\/\/www.tanzraum-ries.de\/legacy\/wp-content\/uploads\/sites\/1\/2015\/07\/TR_N\u00f6-Medium-1024x767.jpg 1024w, https:\/\/www.tanzraum-ries.de\/legacy\/wp-content\/uploads\/sites\/1\/2015\/07\/TR_N\u00f6-Medium.jpg 1026w\" sizes=\"(max-width: 300px) 100vw, 300px\" \/>Tanzraum N\u00f6rdlingen, Raiffeisenstr. 4, 86720 N\u00f6rdlingen-Baldingen (im 1. Stock Kaufland)<\/p>\n<p>&nbsp;<\/p>\n<p>&nbsp;<\/p>\n<p>&nbsp;<\/p>\n<p>&nbsp;<\/p>\n<p>&nbsp;<\/p>\n","protected":false},"excerpt":{"rendered":"<p>Unser Studio Unser Studio ist 120 qm gro\u00df, hell, mit Schwingboden, Spiegelw\u00e4nden, Ballettstangen, Umkleiden und Parkpl\u00e4tzen in gen\u00fcgender Zahl. Tanzraum N\u00f6rdlingen, Raiffeisenstr. 4, 86720 N\u00f6rdlingen-Baldingen (im 1. Stock Kaufland) &nbsp; &nbsp; &nbsp; &nbsp; &nbsp;<\/p>\n","protected":false},"author":1,"featured_media":0,"parent":0,"menu_order":0,"comment_status":"closed","ping_status":"closed","template":"","meta":{"_crdt_document":"","_uag_custom_page_level_css":"","ngg_post_thumbnail":0,"footnotes":""},"class_list":["post-105","page","type-page","status-publish","hentry"],"uagb_featured_image_src":{"full":false,"thumbnail":false,"medium":false,"medium_large":false,"large":false,"1536x1536":false,"2048x2048":false,"featured-blog-large":false,"featured-blog-medium":false,"featured":false,"featured-blog-medium-small":false},"uagb_author_info":{"display_name":"admin1","author_link":"https:\/\/www.tanzraum-ries.de\/legacy\/blog\/author\/admin1\/"},"uagb_comment_info":0,"uagb_excerpt":"Unser Studio Unser Studio ist 120 qm gro\u00df, hell, mit Schwingboden, Spiegelw\u00e4nden, Ballettstangen, Umkleiden und Parkpl\u00e4tzen in gen\u00fcgender Zahl. Tanzraum N\u00f6rdlingen, Raiffeisenstr. 4, 86720 N\u00f6rdlingen-Baldingen (im 1. Stock Kaufland) &nbsp; &nbsp; &nbsp; &nbsp; &nbsp;","_links":{"self":[{"href":"https:\/\/www.tanzraum-ries.de\/legacy\/wp-json\/wp\/v2\/pages\/105","targetHints":{"allow":["GET"]}}],"collection":[{"href":"https:\/\/www.tanzraum-ries.de\/legacy\/wp-json\/wp\/v2\/pages"}],"about":[{"href":"https:\/\/www.tanzraum-ries.de\/legacy\/wp-json\/wp\/v2\/types\/page"}],"author":[{"embeddable":true,"href":"https:\/\/www.tanzraum-ries.de\/legacy\/wp-json\/wp\/v2\/users\/1"}],"replies":[{"embeddable":true,"href":"https:\/\/www.tanzraum-ries.de\/legacy\/wp-json\/wp\/v2\/comments?post=105"}],"version-history":[{"count":8,"href":"https:\/\/www.tanzraum-ries.de\/legacy\/wp-json\/wp\/v2\/pages\/105\/revisions"}],"predecessor-version":[{"id":456,"href":"https:\/\/www.tanzraum-ries.de\/legacy\/wp-json\/wp\/v2\/pages\/105\/revisions\/456"}],"wp:attachment":[{"href":"https:\/\/www.tanzraum-ries.de\/legacy\/wp-json\/wp\/v2\/media?parent=105"}],"curies":[{"name":"wp","href":"https:\/\/api.w.org\/{rel}","templated":true}]}}