{"id":120,"date":"2015-08-11T16:25:00","date_gmt":"2015-08-11T16:25:00","guid":{"rendered":"http:\/\/www.tanzraum-ries.de\/?page_id=120"},"modified":"2019-12-12T12:55:32","modified_gmt":"2019-12-12T12:55:32","slug":"fortbildungsplan","status":"publish","type":"page","link":"https:\/\/www.tanzraum-ries.de\/legacy\/kursangebote-preise\/fortbildungsplan\/","title":{"rendered":"Fortbildungsplan"},"content":{"rendered":"<p>Barbara J. Lins entwickelte ein eigenes, spezielles Aus- und Weiterbildungskonzept in Tanzp\u00e4dagogik und Glaube. Sie gr\u00fcndete dazu ein Netzwerk, das den urheberrechtlich gesch\u00fctzten Namen Dance&amp;Praise\u00ae tr\u00e4gt.<\/p>\n<p>Dance&amp;Praise\u00ae ist ein einzigartiges Konzept in Deutschland und Europa, das modernen Tanz mit dem christlichen Glauben verbindet. Ohne Festlegung auf Konfession und Glaubensformen erm\u00f6glicht Tanz sich selbst und Gott neu wahrzunehmen und erweitert so unseren Ausdruck des Glaubens und Lebens.<\/p>\n<p>Dance&amp;Praise\u00ae-Angebote erm\u00f6glichen Ihnen, den eigenen K\u00f6rper als Geschenk Gottes zu entdecken und sich mit seinen M\u00f6glichkeiten und Grenzen achtsam auseinander zu setzen. Dazu gibt es Workshops, Seminare, Tanztage, Tanzwochenenden und eine Sommertanzwoche. Au\u00dferdem wird die M\u00f6glichkeit geboten, sich zur\/m zertifizierten Dance&amp;Praise\u00ae-Tanzp\u00e4dagogin\/en weiterzubilden.<\/p>\n<p>Link: <a href=\"http:\/\/www.dance-and-praise.de\">www.dance-and-praise.de <\/a><\/p>\n<p><a href=\"http:\/\/www.tanzraum-ries.de\/fortbildung-2019-homepage\/\">Flyer zur Tanzp\u00e4dagogik DancePraise\u00ae-Fortbildung 2019\/2021<\/a><\/p>\n<p>(Die Fortbildung startet nun erst im Fr\u00fchjahr 2020, f\u00fcr weitere Infos nehmen Sie bitte Kontakt mit mir auf)<\/p>\n<p>&nbsp;<\/p>\n<p>Vergangene Veranstaltungen:<\/p>\n<p><a href=\"http:\/\/www.tanzraum-ries.de\/wp-content\/uploads\/2019\/01\/Sommertanzwoche-2019-Homepage.pdf\">Flyer zur Sommertanzwoche in Maihingen (28.07.-03.08.2019)<\/a><\/p>\n<p><a href=\"http:\/\/www.tanzraum-ries.de\/wp-content\/uploads\/2017\/12\/pfingstanzwoche2018.pdf\">Flyer zur Pfingsttanzwoche in Steinen-H\u00e4gelberg (26.05.-01.06.18)<\/a><\/p>\n<p><a href=\"http:\/\/www.tanzraum-ries.de\/wp-content\/uploads\/2017\/12\/Tanzp\u00e4dagogik-DancePraise-Fortbildung-original.pdf\">Flyer zur Tanzp\u00e4dagogik Dance&amp;Praise\u00ae-Fortbildung 2017\/2018<\/a><\/p>\n<p><a href=\"http:\/\/www.tanzraum-ries.de\/wp-content\/uploads\/2015\/08\/fortbildung_tanzraum_14-15.pdf\">Flyer zur Tanzp\u00e4dagogik Dance&amp;Praise\u00ae-Fortbildung 2014\/2015<\/a><\/p>\n<p><a href=\"http:\/\/www.tanzraum-ries.de\/wp-content\/uploads\/2015\/08\/STW-2015_Flyer.pdf\">Flyer der Sommertanzwoche 2015<\/a><\/p>\n","protected":false},"excerpt":{"rendered":"<p>Barbara J. Lins entwickelte ein eigenes, spezielles Aus- und Weiterbildungskonzept in Tanzp\u00e4dagogik und Glaube. Sie gr\u00fcndete dazu ein Netzwerk, das den urheberrechtlich gesch\u00fctzten Namen Dance&amp;Praise\u00ae tr\u00e4gt. Dance&amp;Praise\u00ae ist ein einzigartiges Konzept in Deutschland und Europa, das modernen Tanz mit dem<\/p>\n","protected":false},"author":1,"featured_media":0,"parent":42,"menu_order":0,"comment_status":"closed","ping_status":"closed","template":"","meta":{"_crdt_document":"","_uag_custom_page_level_css":"","ngg_post_thumbnail":0,"footnotes":""},"class_list":["post-120","page","type-page","status-publish","hentry"],"uagb_featured_image_src":{"full":false,"thumbnail":false,"medium":false,"medium_large":false,"large":false,"1536x1536":false,"2048x2048":false,"featured-blog-large":false,"featured-blog-medium":false,"featured":false,"featured-blog-medium-small":false},"uagb_author_info":{"display_name":"admin1","author_link":"https:\/\/www.tanzraum-ries.de\/legacy\/blog\/author\/admin1\/"},"uagb_comment_info":0,"uagb_excerpt":"Barbara J. Lins entwickelte ein eigenes, spezielles Aus- und Weiterbildungskonzept in Tanzp\u00e4dagogik und Glaube. Sie gr\u00fcndete dazu ein Netzwerk, das den urheberrechtlich gesch\u00fctzten Namen Dance&amp;Praise\u00ae tr\u00e4gt. Dance&amp;Praise\u00ae ist ein einzigartiges Konzept in Deutschland und Europa, das modernen Tanz mit dem","_links":{"self":[{"href":"https:\/\/www.tanzraum-ries.de\/legacy\/wp-json\/wp\/v2\/pages\/120","targetHints":{"allow":["GET"]}}],"collection":[{"href":"https:\/\/www.tanzraum-ries.de\/legacy\/wp-json\/wp\/v2\/pages"}],"about":[{"href":"https:\/\/www.tanzraum-ries.de\/legacy\/wp-json\/wp\/v2\/types\/page"}],"author":[{"embeddable":true,"href":"https:\/\/www.tanzraum-ries.de\/legacy\/wp-json\/wp\/v2\/users\/1"}],"replies":[{"embeddable":true,"href":"https:\/\/www.tanzraum-ries.de\/legacy\/wp-json\/wp\/v2\/comments?post=120"}],"version-history":[{"count":11,"href":"https:\/\/www.tanzraum-ries.de\/legacy\/wp-json\/wp\/v2\/pages\/120\/revisions"}],"predecessor-version":[{"id":818,"href":"https:\/\/www.tanzraum-ries.de\/legacy\/wp-json\/wp\/v2\/pages\/120\/revisions\/818"}],"up":[{"embeddable":true,"href":"https:\/\/www.tanzraum-ries.de\/legacy\/wp-json\/wp\/v2\/pages\/42"}],"wp:attachment":[{"href":"https:\/\/www.tanzraum-ries.de\/legacy\/wp-json\/wp\/v2\/media?parent=120"}],"curies":[{"name":"wp","href":"https:\/\/api.w.org\/{rel}","templated":true}]}}