{"id":143,"date":"2015-08-12T09:03:33","date_gmt":"2015-08-12T09:03:33","guid":{"rendered":"http:\/\/www.tanzraum-ries.de\/?page_id=143"},"modified":"2015-08-12T09:04:19","modified_gmt":"2015-08-12T09:04:19","slug":"erwachsene","status":"publish","type":"page","link":"https:\/\/www.tanzraum-ries.de\/legacy\/kursangebote-preise\/erwachsene\/","title":{"rendered":"Erwachsene"},"content":{"rendered":"<p><img fetchpriority=\"high\" decoding=\"async\" class=\"alignright size-medium wp-image-144\" src=\"http:\/\/www.tanzraum-ries.de\/wp-content\/uploads\/2015\/08\/erwachs-300x199.jpg\" alt=\"erwachs\" width=\"300\" height=\"199\" srcset=\"https:\/\/www.tanzraum-ries.de\/legacy\/wp-content\/uploads\/sites\/1\/2015\/08\/erwachs-300x199.jpg 300w, https:\/\/www.tanzraum-ries.de\/legacy\/wp-content\/uploads\/sites\/1\/2015\/08\/erwachs.jpg 301w\" sizes=\"(max-width: 300px) 100vw, 300px\" \/>Es gibt gen\u00fcgend gute Gr\u00fcnde, mit Tanz zu beginnen oder weiter zu machen:<\/p>\n<p>Sie wollen sich Zeit f\u00fcr sich selbst nehmen? Ihren K\u00f6rper mal anders wahrnehmen?<\/p>\n<p>Eine Tanztechnik oder Choreografie erlernen? Etwas Au\u00dfergew\u00f6hnliches und Herausforderndes tun?<\/p>\n<p>Tanzen befreit, macht Spa\u00df, tut K\u00f6rper und Seele gut und ist auch jenseits der jugendlichen Phase erlernbar!<\/p>\n<p>Wir unterrichten derzeit f\u00fcr Erwachsene: Ballett, Contemporary\/Improvisation, und ein Kanga- Training unter eigener Verantwortung von Claudia Matzek<\/p>\n","protected":false},"excerpt":{"rendered":"<p>Es gibt gen\u00fcgend gute Gr\u00fcnde, mit Tanz zu beginnen oder weiter zu machen: Sie wollen sich Zeit f\u00fcr sich selbst nehmen? Ihren K\u00f6rper mal anders wahrnehmen? Eine Tanztechnik oder Choreografie erlernen? Etwas Au\u00dfergew\u00f6hnliches und Herausforderndes tun? Tanzen befreit, macht Spa\u00df,<\/p>\n","protected":false},"author":1,"featured_media":0,"parent":42,"menu_order":0,"comment_status":"closed","ping_status":"closed","template":"","meta":{"_crdt_document":"","_uag_custom_page_level_css":"","ngg_post_thumbnail":0,"footnotes":""},"class_list":["post-143","page","type-page","status-publish","hentry"],"uagb_featured_image_src":{"full":false,"thumbnail":false,"medium":false,"medium_large":false,"large":false,"1536x1536":false,"2048x2048":false,"featured-blog-large":false,"featured-blog-medium":false,"featured":false,"featured-blog-medium-small":false},"uagb_author_info":{"display_name":"admin1","author_link":"https:\/\/www.tanzraum-ries.de\/legacy\/blog\/author\/admin1\/"},"uagb_comment_info":0,"uagb_excerpt":"Es gibt gen\u00fcgend gute Gr\u00fcnde, mit Tanz zu beginnen oder weiter zu machen: Sie wollen sich Zeit f\u00fcr sich selbst nehmen? Ihren K\u00f6rper mal anders wahrnehmen? Eine Tanztechnik oder Choreografie erlernen? Etwas Au\u00dfergew\u00f6hnliches und Herausforderndes tun? Tanzen befreit, macht Spa\u00df,","_links":{"self":[{"href":"https:\/\/www.tanzraum-ries.de\/legacy\/wp-json\/wp\/v2\/pages\/143","targetHints":{"allow":["GET"]}}],"collection":[{"href":"https:\/\/www.tanzraum-ries.de\/legacy\/wp-json\/wp\/v2\/pages"}],"about":[{"href":"https:\/\/www.tanzraum-ries.de\/legacy\/wp-json\/wp\/v2\/types\/page"}],"author":[{"embeddable":true,"href":"https:\/\/www.tanzraum-ries.de\/legacy\/wp-json\/wp\/v2\/users\/1"}],"replies":[{"embeddable":true,"href":"https:\/\/www.tanzraum-ries.de\/legacy\/wp-json\/wp\/v2\/comments?post=143"}],"version-history":[{"count":1,"href":"https:\/\/www.tanzraum-ries.de\/legacy\/wp-json\/wp\/v2\/pages\/143\/revisions"}],"predecessor-version":[{"id":145,"href":"https:\/\/www.tanzraum-ries.de\/legacy\/wp-json\/wp\/v2\/pages\/143\/revisions\/145"}],"up":[{"embeddable":true,"href":"https:\/\/www.tanzraum-ries.de\/legacy\/wp-json\/wp\/v2\/pages\/42"}],"wp:attachment":[{"href":"https:\/\/www.tanzraum-ries.de\/legacy\/wp-json\/wp\/v2\/media?parent=143"}],"curies":[{"name":"wp","href":"https:\/\/api.w.org\/{rel}","templated":true}]}}