{"id":36,"date":"2015-07-13T22:30:51","date_gmt":"2015-07-13T22:30:51","guid":{"rendered":"http:\/\/www.tanzraum-ries.de\/?page_id=36"},"modified":"2015-08-06T15:22:05","modified_gmt":"2015-08-06T15:22:05","slug":"funky-jazz","status":"publish","type":"page","link":"https:\/\/www.tanzraum-ries.de\/legacy\/tanzstile\/funky-jazz\/","title":{"rendered":"Funky Jazz"},"content":{"rendered":"<p><img fetchpriority=\"high\" decoding=\"async\" class=\"alignright wp-image-37 size-medium\" src=\"http:\/\/www.tanzraum-ries.de\/wp-content\/uploads\/2015\/07\/Funky-Jazz1-Large-200x300.jpg\" alt=\"Funky Jazz1 (Large)\" width=\"200\" height=\"300\" srcset=\"https:\/\/www.tanzraum-ries.de\/legacy\/wp-content\/uploads\/sites\/1\/2015\/07\/Funky-Jazz1-Large-200x300.jpg 200w, https:\/\/www.tanzraum-ries.de\/legacy\/wp-content\/uploads\/sites\/1\/2015\/07\/Funky-Jazz1-Large-683x1024.jpg 683w, https:\/\/www.tanzraum-ries.de\/legacy\/wp-content\/uploads\/sites\/1\/2015\/07\/Funky-Jazz1-Large.jpg 720w\" sizes=\"(max-width: 200px) 100vw, 200px\" \/>Funky Jazz fasziniert! Einerseits beinhaltet es schnelle, fetzige und pr\u00e4zise Bewegungen, die in einem temperamentvollen Mix aus Ausdruck, Showelementen und B\u00fchnenpr\u00e4senz zu einer powervollen Choreografie vereint werden, andererseits finden lyrische, softe Bewegungen hier ihren Platz. Technik, Koordination, Flexibilit\u00e4t, Fitness und Kreativit\u00e4t werden dabei trainiert.<\/p>\n<p>Wir am Tanzraum mixen teilweise mit Contemporary.<\/p>\n","protected":false},"excerpt":{"rendered":"<p>Funky Jazz fasziniert! Einerseits beinhaltet es schnelle, fetzige und pr\u00e4zise Bewegungen, die in einem temperamentvollen Mix aus Ausdruck, Showelementen und B\u00fchnenpr\u00e4senz zu einer powervollen Choreografie vereint werden, andererseits finden lyrische, softe Bewegungen hier ihren Platz. Technik, Koordination, Flexibilit\u00e4t, Fitness und<\/p>\n","protected":false},"author":1,"featured_media":0,"parent":96,"menu_order":0,"comment_status":"closed","ping_status":"closed","template":"","meta":{"_crdt_document":"","_uag_custom_page_level_css":"","ngg_post_thumbnail":0,"footnotes":""},"class_list":["post-36","page","type-page","status-publish","hentry"],"uagb_featured_image_src":{"full":false,"thumbnail":false,"medium":false,"medium_large":false,"large":false,"1536x1536":false,"2048x2048":false,"featured-blog-large":false,"featured-blog-medium":false,"featured":false,"featured-blog-medium-small":false},"uagb_author_info":{"display_name":"admin1","author_link":"https:\/\/www.tanzraum-ries.de\/legacy\/blog\/author\/admin1\/"},"uagb_comment_info":0,"uagb_excerpt":"Funky Jazz fasziniert! Einerseits beinhaltet es schnelle, fetzige und pr\u00e4zise Bewegungen, die in einem temperamentvollen Mix aus Ausdruck, Showelementen und B\u00fchnenpr\u00e4senz zu einer powervollen Choreografie vereint werden, andererseits finden lyrische, softe Bewegungen hier ihren Platz. Technik, Koordination, Flexibilit\u00e4t, Fitness und","_links":{"self":[{"href":"https:\/\/www.tanzraum-ries.de\/legacy\/wp-json\/wp\/v2\/pages\/36","targetHints":{"allow":["GET"]}}],"collection":[{"href":"https:\/\/www.tanzraum-ries.de\/legacy\/wp-json\/wp\/v2\/pages"}],"about":[{"href":"https:\/\/www.tanzraum-ries.de\/legacy\/wp-json\/wp\/v2\/types\/page"}],"author":[{"embeddable":true,"href":"https:\/\/www.tanzraum-ries.de\/legacy\/wp-json\/wp\/v2\/users\/1"}],"replies":[{"embeddable":true,"href":"https:\/\/www.tanzraum-ries.de\/legacy\/wp-json\/wp\/v2\/comments?post=36"}],"version-history":[{"count":1,"href":"https:\/\/www.tanzraum-ries.de\/legacy\/wp-json\/wp\/v2\/pages\/36\/revisions"}],"predecessor-version":[{"id":38,"href":"https:\/\/www.tanzraum-ries.de\/legacy\/wp-json\/wp\/v2\/pages\/36\/revisions\/38"}],"up":[{"embeddable":true,"href":"https:\/\/www.tanzraum-ries.de\/legacy\/wp-json\/wp\/v2\/pages\/96"}],"wp:attachment":[{"href":"https:\/\/www.tanzraum-ries.de\/legacy\/wp-json\/wp\/v2\/media?parent=36"}],"curies":[{"name":"wp","href":"https:\/\/api.w.org\/{rel}","templated":true}]}}